{"id":16359,"date":"2024-09-12T07:54:14","date_gmt":"2024-09-12T07:54:14","guid":{"rendered":"https:\/\/hotelinglaterralahabana.com\/?page_id=16359"},"modified":"2025-12-17T08:15:45","modified_gmt":"2025-12-17T08:15:45","slug":"ventajas-de-reservar-online","status":"publish","type":"page","link":"https:\/\/hotelinglaterralahabana.com\/es\/ventajas-de-reservar-online\/","title":{"rendered":"Ventajas de reservar Online"},"content":{"rendered":"<p><!-- BLOQUE 1: Mejor Precio Online Garantizado --><\/p>\n<section class=\"my-5\">\n<div class=\"row align-items-center\">\n<div class=\"col-md-6 order-md-1\"><img decoding=\"async\" class=\"img-fluid\" src=\"https:\/\/hotelinglaterralahabana.com\/wp-content\/uploads\/2019\/06\/ABC0033.jpg\" alt=\"Mejor Precio Online Garantizado\" \/><\/div>\n<div class=\"col-md-6 order-md-2 mt-4 mt-md-0\">\n<h2 class=\"title title__general title__section\">Mejor Precio Online Garantizado<\/h2>\n<p>En Blue Diamond Resorts Cuba queremos que la tranquilidad de tu viaje empiece desde el momento en el que reservas tu estancia. Por eso queremos garantizarte que en <strong>www.hotelinglaterralahabana.com<\/strong> est\u00e1s reservando al mejor precio online disponible.<\/p>\n<p>Si encuentras un precio m\u00e1s bajo en otra web, te igualaremos el precio y para compensarte, te descontaremos un 5% adicional sobre la diferencia entre ambos precios.<\/p>\n<p>V\u00e1lido para todos los hoteles de BDR en Cuba.<\/p>\n<h3 class=\"title title__sub\">\u00bfQu\u00e9 ocurre si encuentro una tarifa m\u00e1s econ\u00f3mica en otra web?<\/h3>\n<p>Tendr\u00e1s un plazo de 24 horas desde que realizaste la reserva para rellenar el formulario e indicarnos la tarifa encontrada.<\/p>\n<h3 class=\"title title__sub\">\u00bfQu\u00e9 debo tener en cuenta?<\/h3>\n<p>Te igualaremos la tarifa si se cumplen las mismas condiciones: hotel, fechas, tipo de habitaci\u00f3n, r\u00e9gimen, n\u00famero de hu\u00e9spedes, edad de ni\u00f1os, moneda, forma de pago y pol\u00edtica de cancelaci\u00f3n.<\/p>\n<h3 class=\"title title__sub\">\u00bfQu\u00e9 pasos debo seguir?<\/h3>\n<ol>\n<li>Rellena el formulario en un plazo m\u00e1ximo de 24 horas.<\/li>\n<li>Si se aprueba, aplicaremos un 10% de descuento sobre la diferencia.<\/li>\n<li>Si no procede, te informaremos del motivo.<\/li>\n<li>Te contactaremos en 24h. Si no recibes respuesta, escribe a: <strong>comerc@gcingla.gca.tur.cu<\/strong><\/li>\n<\/ol>\n<\/div>\n<\/div>\n<\/section>\n<p><!-- BLOQUE 2: Modificaci\u00f3n y Cancelaci\u00f3n Flexible --><\/p>\n<section class=\"my-5\">\n<div class=\"row align-items-center\">\n<div class=\"col-md-6 order-md-2\"><img decoding=\"async\" class=\"img-fluid\" src=\"https:\/\/hotelinglaterralahabana.com\/wp-content\/uploads\/2019\/06\/ABC0085.jpg\" alt=\"Pol\u00edtica de Modificaci\u00f3n y Cancelaci\u00f3n Flexible\" \/><\/div>\n<div class=\"col-md-6 order-md-1 mt-4 mt-md-0\">\n<h2 class=\"title title__general title__section\">Pol\u00edtica de Modificaci\u00f3n y Cancelaci\u00f3n Flexible<\/h2>\n<p>\u00a1Cancelaci\u00f3n gratuita en la mayor\u00eda de las habitaciones y tarifas! En la mayor\u00eda de las tarifas y temporadas, puedes cancelar o modificar tu reserva sin cargo adicional hasta el d\u00eda antes de la llegada. Sin cargos de gesti\u00f3n.<\/p>\n<\/div>\n<\/div>\n<\/section>\n<p><!-- BLOQUE 3: Ventajas y Regalos --><\/p>\n<section class=\"my-5\">\n<div class=\"row align-items-center\">\n<div class=\"col-md-6 order-md-1\"><img decoding=\"async\" class=\"img-fluid\" src=\"https:\/\/hotelinglaterralahabana.com\/wp-content\/uploads\/2025\/04\/pexels-dimitri-dim-1845844-scaled-1.jpg\" alt=\"Ventajas y Regalos\" \/><\/div>\n<div class=\"col-md-6 order-md-2 mt-4 mt-md-0\">\n<h2 class=\"title title__general title__section\">Regalos y ventajas exclusivas<\/h2>\n<p>\u00a1Reserva ahora a trav\u00e9s de nuestra web y disfruta de incre\u00edbles ventajas y regalos durante tu estancia!<br \/>\nC\u00f3ctel de bienvenida, clase de cocteler\u00eda gratuita con un c\u00f3ctel y ascenso a una habitaci\u00f3n con balc\u00f3n sujeto a disponibilidad.<\/p>\n<ul>\n<li>Early check in: (sujeto a disponibilidad desde 12h).<\/li>\n<li>Late check out (sujeto a disponibilidad hasta las 16h).<\/li>\n<\/ul>\n<\/div>\n<\/div>\n<\/section>\n<p><!-- BLOQUE 4: Habitaciones y Promociones Exclusivas --><\/p>\n<section class=\"my-5\">\n<div class=\"row align-items-center\">\n<div class=\"col-md-6 order-md-1 mt-4 mt-md-0\">\n<h2 class=\"title title__general title__section\">Habitaciones y Promociones Exclusivas<\/h2>\n<p>Habitaciones y promociones exclusivas solo disponibles en<br \/>\n<a href=\"https:\/\/hotelinglaterralahabana.com\/\" target=\"_blank\" rel=\"noopener\">hotelinglaterralahabana.com<\/a>.<\/p>\n<\/div>\n<div class=\"col-md-6 order-md-2\"><img decoding=\"async\" class=\"img-fluid\" src=\"https:\/\/hotelinglaterralahabana.com\/wp-content\/uploads\/2019\/06\/ABC0142.jpg\" alt=\"Habitaciones y Promociones Exclusivas\" \/><\/div>\n<\/div>\n<\/section>\n","protected":false},"excerpt":{"rendered":"<\/p>\n<p><img decoding=\"async\" class=\"img-fluid\" src=\"https:\/\/hotelinglaterralahabana.com\/wp-content\/uploads\/2019\/06\/ABC0033.jpg\" alt=\"Mejor Precio Online Garantizado\" \/><\/p>\n<p>Mejor Precio Online Garantizado<\/p>\n<p>En Blue Diamond Resorts Cuba queremos que la tranquilidad de tu viaje empiece desde el momento en el que reservas tu estancia. Por eso queremos garantizarte que en www.hotelinglaterralahabana.com est\u00e1s reservando al mejor precio online disponible.<\/p>\n<p>Si encuentras un precio m\u00e1s bajo en otra web,<\/p>\n<p>[&#8230;]<\/p>\n","protected":false},"author":5,"featured_media":0,"parent":0,"menu_order":0,"comment_status":"closed","ping_status":"closed","template":"page-templates\/landing.php","meta":{"_acf_changed":false,"footnotes":""},"class_list":["post-16359","page","type-page","status-publish","hentry"],"acf":[],"yoast_head":"<!-- This site is optimized with the Yoast SEO plugin v27.4 - https:\/\/yoast.com\/product\/yoast-seo-wordpress\/ -->\n<title>Ventajas de Reservar Online | Hotel Inglaterra La Habana<\/title>\n<meta name=\"description\" content=\"Descubre los beneficios exclusivos de reservar online en el Hotel Inglaterra. Obt\u00e9n las mejores tarifas, promociones \u00fanicas y confirmaci\u00f3n inmediata. \u00a1Reserva directamente y disfruta m\u00e1s ventajas!\" \/>\n<meta name=\"robots\" content=\"index, follow, max-snippet:-1, max-image-preview:large, max-video-preview:-1\" \/>\n<link rel=\"canonical\" href=\"https:\/\/hotelinglaterralahabana.com\/es\/ventajas-de-reservar-online\/\" \/>\n<meta property=\"og:locale\" content=\"es_ES\" \/>\n<meta property=\"og:type\" content=\"article\" \/>\n<meta property=\"og:title\" content=\"Ventajas de Reservar Online | Hotel Inglaterra La Habana\" \/>\n<meta property=\"og:description\" content=\"Descubre los beneficios exclusivos de reservar online en el Hotel Inglaterra. Obt\u00e9n las mejores tarifas, promociones \u00fanicas y confirmaci\u00f3n inmediata. \u00a1Reserva directamente y disfruta m\u00e1s ventajas!\" \/>\n<meta property=\"og:url\" content=\"https:\/\/hotelinglaterralahabana.com\/es\/ventajas-de-reservar-online\/\" \/>\n<meta property=\"og:site_name\" content=\"Hotel Inglaterra\" \/>\n<meta property=\"article:publisher\" content=\"https:\/\/www.facebook.com\/HotelInglaterraCuba\/\" \/>\n<meta property=\"article:modified_time\" content=\"2025-12-17T08:15:45+00:00\" \/>\n<meta property=\"og:image\" content=\"https:\/\/hotelinglaterralahabana.com\/wp-content\/uploads\/2019\/06\/ABC0033.jpg\" \/>\n<meta name=\"twitter:card\" content=\"summary_large_image\" \/>\n<meta name=\"twitter:site\" content=\"@cubainglaterra\" \/>\n<meta name=\"twitter:label1\" content=\"Tiempo de lectura\" \/>\n\t<meta name=\"twitter:data1\" content=\"3 minutos\" \/>\n<script type=\"application\/ld+json\" class=\"yoast-schema-graph\">{\"@context\":\"https:\\\/\\\/schema.org\",\"@graph\":[{\"@type\":\"WebPage\",\"@id\":\"https:\\\/\\\/hotelinglaterralahabana.com\\\/es\\\/ventajas-de-reservar-online\\\/\",\"url\":\"https:\\\/\\\/hotelinglaterralahabana.com\\\/es\\\/ventajas-de-reservar-online\\\/\",\"name\":\"Ventajas de Reservar Online | Hotel Inglaterra La Habana\",\"isPartOf\":{\"@id\":\"https:\\\/\\\/hotelinglaterralahabana.com\\\/#website\"},\"primaryImageOfPage\":{\"@id\":\"https:\\\/\\\/hotelinglaterralahabana.com\\\/es\\\/ventajas-de-reservar-online\\\/#primaryimage\"},\"image\":{\"@id\":\"https:\\\/\\\/hotelinglaterralahabana.com\\\/es\\\/ventajas-de-reservar-online\\\/#primaryimage\"},\"thumbnailUrl\":\"https:\\\/\\\/hotelinglaterralahabana.com\\\/wp-content\\\/uploads\\\/2019\\\/06\\\/ABC0033.jpg\",\"datePublished\":\"2024-09-12T07:54:14+00:00\",\"dateModified\":\"2025-12-17T08:15:45+00:00\",\"description\":\"Descubre los beneficios exclusivos de reservar online en el Hotel Inglaterra. Obt\u00e9n las mejores tarifas, promociones \u00fanicas y confirmaci\u00f3n inmediata. \u00a1Reserva directamente y disfruta m\u00e1s ventajas!\",\"breadcrumb\":{\"@id\":\"https:\\\/\\\/hotelinglaterralahabana.com\\\/es\\\/ventajas-de-reservar-online\\\/#breadcrumb\"},\"inLanguage\":\"es\",\"potentialAction\":[{\"@type\":\"ReadAction\",\"target\":[\"https:\\\/\\\/hotelinglaterralahabana.com\\\/es\\\/ventajas-de-reservar-online\\\/\"]}]},{\"@type\":\"ImageObject\",\"inLanguage\":\"es\",\"@id\":\"https:\\\/\\\/hotelinglaterralahabana.com\\\/es\\\/ventajas-de-reservar-online\\\/#primaryimage\",\"url\":\"https:\\\/\\\/hotelinglaterralahabana.com\\\/wp-content\\\/uploads\\\/2019\\\/06\\\/ABC0033.jpg\",\"contentUrl\":\"https:\\\/\\\/hotelinglaterralahabana.com\\\/wp-content\\\/uploads\\\/2019\\\/06\\\/ABC0033.jpg\"},{\"@type\":\"BreadcrumbList\",\"@id\":\"https:\\\/\\\/hotelinglaterralahabana.com\\\/es\\\/ventajas-de-reservar-online\\\/#breadcrumb\",\"itemListElement\":[{\"@type\":\"ListItem\",\"position\":1,\"name\":\"Portada\",\"item\":\"https:\\\/\\\/hotelinglaterralahabana.com\\\/es\\\/\"},{\"@type\":\"ListItem\",\"position\":2,\"name\":\"Ventajas de reservar Online\"}]},{\"@type\":\"WebSite\",\"@id\":\"https:\\\/\\\/hotelinglaterralahabana.com\\\/#website\",\"url\":\"https:\\\/\\\/hotelinglaterralahabana.com\\\/\",\"name\":\"Hotel Inglaterra\",\"description\":\"\",\"publisher\":{\"@id\":\"https:\\\/\\\/hotelinglaterralahabana.com\\\/#organization\"},\"alternateName\":\"[OFICIAL\u00ae] Hotel Inglaterra | Hotel Boutique en la Habana Vieja\",\"potentialAction\":[{\"@type\":\"SearchAction\",\"target\":{\"@type\":\"EntryPoint\",\"urlTemplate\":\"https:\\\/\\\/hotelinglaterralahabana.com\\\/?s={search_term_string}\"},\"query-input\":{\"@type\":\"PropertyValueSpecification\",\"valueRequired\":true,\"valueName\":\"search_term_string\"}}],\"inLanguage\":\"es\"},{\"@type\":\"Organization\",\"@id\":\"https:\\\/\\\/hotelinglaterralahabana.com\\\/#organization\",\"name\":\"Hotel Inglaterra\",\"alternateName\":\"[OFICIAL\u00ae] Hotel Inglaterra | Hotel Boutique en la Habana Vieja\",\"url\":\"https:\\\/\\\/hotelinglaterralahabana.com\\\/\",\"logo\":{\"@type\":\"ImageObject\",\"inLanguage\":\"es\",\"@id\":\"https:\\\/\\\/hotelinglaterralahabana.com\\\/#\\\/schema\\\/logo\\\/image\\\/\",\"url\":\"https:\\\/\\\/hotelinglaterralahabana.com\\\/wp-content\\\/uploads\\\/2025\\\/04\\\/logo.png\",\"contentUrl\":\"https:\\\/\\\/hotelinglaterralahabana.com\\\/wp-content\\\/uploads\\\/2025\\\/04\\\/logo.png\",\"width\":118,\"height\":138,\"caption\":\"Hotel Inglaterra\"},\"image\":{\"@id\":\"https:\\\/\\\/hotelinglaterralahabana.com\\\/#\\\/schema\\\/logo\\\/image\\\/\"},\"sameAs\":[\"https:\\\/\\\/www.facebook.com\\\/HotelInglaterraCuba\\\/\",\"https:\\\/\\\/x.com\\\/cubainglaterra\",\"https:\\\/\\\/www.instagram.com\\\/hotelinglaterrahabana\\\/\"]}]}<\/script>\n<!-- \/ Yoast SEO plugin. -->","yoast_head_json":{"title":"Ventajas de Reservar Online | Hotel Inglaterra La Habana","description":"Descubre los beneficios exclusivos de reservar online en el Hotel Inglaterra. Obt\u00e9n las mejores tarifas, promociones \u00fanicas y confirmaci\u00f3n inmediata. \u00a1Reserva directamente y disfruta m\u00e1s ventajas!","robots":{"index":"index","follow":"follow","max-snippet":"max-snippet:-1","max-image-preview":"max-image-preview:large","max-video-preview":"max-video-preview:-1"},"canonical":"https:\/\/hotelinglaterralahabana.com\/es\/ventajas-de-reservar-online\/","og_locale":"es_ES","og_type":"article","og_title":"Ventajas de Reservar Online | Hotel Inglaterra La Habana","og_description":"Descubre los beneficios exclusivos de reservar online en el Hotel Inglaterra. Obt\u00e9n las mejores tarifas, promociones \u00fanicas y confirmaci\u00f3n inmediata. \u00a1Reserva directamente y disfruta m\u00e1s ventajas!","og_url":"https:\/\/hotelinglaterralahabana.com\/es\/ventajas-de-reservar-online\/","og_site_name":"Hotel Inglaterra","article_publisher":"https:\/\/www.facebook.com\/HotelInglaterraCuba\/","article_modified_time":"2025-12-17T08:15:45+00:00","og_image":[{"url":"https:\/\/hotelinglaterralahabana.com\/wp-content\/uploads\/2019\/06\/ABC0033.jpg","type":"","width":"","height":""}],"twitter_card":"summary_large_image","twitter_site":"@cubainglaterra","twitter_misc":{"Tiempo de lectura":"3 minutos"},"schema":{"@context":"https:\/\/schema.org","@graph":[{"@type":"WebPage","@id":"https:\/\/hotelinglaterralahabana.com\/es\/ventajas-de-reservar-online\/","url":"https:\/\/hotelinglaterralahabana.com\/es\/ventajas-de-reservar-online\/","name":"Ventajas de Reservar Online | Hotel Inglaterra La Habana","isPartOf":{"@id":"https:\/\/hotelinglaterralahabana.com\/#website"},"primaryImageOfPage":{"@id":"https:\/\/hotelinglaterralahabana.com\/es\/ventajas-de-reservar-online\/#primaryimage"},"image":{"@id":"https:\/\/hotelinglaterralahabana.com\/es\/ventajas-de-reservar-online\/#primaryimage"},"thumbnailUrl":"https:\/\/hotelinglaterralahabana.com\/wp-content\/uploads\/2019\/06\/ABC0033.jpg","datePublished":"2024-09-12T07:54:14+00:00","dateModified":"2025-12-17T08:15:45+00:00","description":"Descubre los beneficios exclusivos de reservar online en el Hotel Inglaterra. Obt\u00e9n las mejores tarifas, promociones \u00fanicas y confirmaci\u00f3n inmediata. \u00a1Reserva directamente y disfruta m\u00e1s ventajas!","breadcrumb":{"@id":"https:\/\/hotelinglaterralahabana.com\/es\/ventajas-de-reservar-online\/#breadcrumb"},"inLanguage":"es","potentialAction":[{"@type":"ReadAction","target":["https:\/\/hotelinglaterralahabana.com\/es\/ventajas-de-reservar-online\/"]}]},{"@type":"ImageObject","inLanguage":"es","@id":"https:\/\/hotelinglaterralahabana.com\/es\/ventajas-de-reservar-online\/#primaryimage","url":"https:\/\/hotelinglaterralahabana.com\/wp-content\/uploads\/2019\/06\/ABC0033.jpg","contentUrl":"https:\/\/hotelinglaterralahabana.com\/wp-content\/uploads\/2019\/06\/ABC0033.jpg"},{"@type":"BreadcrumbList","@id":"https:\/\/hotelinglaterralahabana.com\/es\/ventajas-de-reservar-online\/#breadcrumb","itemListElement":[{"@type":"ListItem","position":1,"name":"Portada","item":"https:\/\/hotelinglaterralahabana.com\/es\/"},{"@type":"ListItem","position":2,"name":"Ventajas de reservar Online"}]},{"@type":"WebSite","@id":"https:\/\/hotelinglaterralahabana.com\/#website","url":"https:\/\/hotelinglaterralahabana.com\/","name":"Hotel Inglaterra","description":"","publisher":{"@id":"https:\/\/hotelinglaterralahabana.com\/#organization"},"alternateName":"[OFICIAL\u00ae] Hotel Inglaterra | Hotel Boutique en la Habana Vieja","potentialAction":[{"@type":"SearchAction","target":{"@type":"EntryPoint","urlTemplate":"https:\/\/hotelinglaterralahabana.com\/?s={search_term_string}"},"query-input":{"@type":"PropertyValueSpecification","valueRequired":true,"valueName":"search_term_string"}}],"inLanguage":"es"},{"@type":"Organization","@id":"https:\/\/hotelinglaterralahabana.com\/#organization","name":"Hotel Inglaterra","alternateName":"[OFICIAL\u00ae] Hotel Inglaterra | Hotel Boutique en la Habana Vieja","url":"https:\/\/hotelinglaterralahabana.com\/","logo":{"@type":"ImageObject","inLanguage":"es","@id":"https:\/\/hotelinglaterralahabana.com\/#\/schema\/logo\/image\/","url":"https:\/\/hotelinglaterralahabana.com\/wp-content\/uploads\/2025\/04\/logo.png","contentUrl":"https:\/\/hotelinglaterralahabana.com\/wp-content\/uploads\/2025\/04\/logo.png","width":118,"height":138,"caption":"Hotel Inglaterra"},"image":{"@id":"https:\/\/hotelinglaterralahabana.com\/#\/schema\/logo\/image\/"},"sameAs":["https:\/\/www.facebook.com\/HotelInglaterraCuba\/","https:\/\/x.com\/cubainglaterra","https:\/\/www.instagram.com\/hotelinglaterrahabana\/"]}]}},"_links":{"self":[{"href":"https:\/\/hotelinglaterralahabana.com\/es\/wp-json\/wp\/v2\/pages\/16359","targetHints":{"allow":["GET"]}}],"collection":[{"href":"https:\/\/hotelinglaterralahabana.com\/es\/wp-json\/wp\/v2\/pages"}],"about":[{"href":"https:\/\/hotelinglaterralahabana.com\/es\/wp-json\/wp\/v2\/types\/page"}],"author":[{"embeddable":true,"href":"https:\/\/hotelinglaterralahabana.com\/es\/wp-json\/wp\/v2\/users\/5"}],"replies":[{"embeddable":true,"href":"https:\/\/hotelinglaterralahabana.com\/es\/wp-json\/wp\/v2\/comments?post=16359"}],"version-history":[{"count":36,"href":"https:\/\/hotelinglaterralahabana.com\/es\/wp-json\/wp\/v2\/pages\/16359\/revisions"}],"predecessor-version":[{"id":17393,"href":"https:\/\/hotelinglaterralahabana.com\/es\/wp-json\/wp\/v2\/pages\/16359\/revisions\/17393"}],"wp:attachment":[{"href":"https:\/\/hotelinglaterralahabana.com\/es\/wp-json\/wp\/v2\/media?parent=16359"}],"curies":[{"name":"wp","href":"https:\/\/api.w.org\/{rel}","templated":true}]}}