{"id":16278,"date":"2024-05-31T11:00:37","date_gmt":"2024-05-31T11:00:37","guid":{"rendered":"https:\/\/hotelinglaterralahabana.com\/?page_id=16278"},"modified":"2026-02-16T06:42:02","modified_gmt":"2026-02-16T06:42:02","slug":"ofertas-new","status":"publish","type":"page","link":"https:\/\/hotelinglaterralahabana.com\/es\/ofertas-new\/","title":{"rendered":"Ofertas new"},"content":{"rendered":"<div class=\"w-full text-token-text-primary\" dir=\"auto\" data-testid=\"conversation-turn-52\" data-scroll-anchor=\"false\">\n<div class=\"py-2 juice:py-[18px] px-3 text-base md:px-4 m-auto md:px-5 lg:px-1 xl:px-5\">\n<div class=\"mx-auto flex flex-1 gap-3 text-base juice:gap-4 juice:md:gap-6 md:max-w-3xl lg:max-w-[40rem] xl:max-w-[48rem]\">\n<div class=\"group\/conversation-turn relative flex w-full min-w-0 flex-col\">\n<div class=\"flex-col gap-1 md:gap-3\">\n<div class=\"flex flex-grow flex-col max-w-full\">\n<div class=\"min-h-[20px] text-message flex flex-col items-start whitespace-pre-wrap break-words [.text-message+&amp;]:mt-5 juice:w-full juice:items-end overflow-x-auto gap-2\" dir=\"auto\" data-message-author-role=\"user\" data-message-id=\"aaa21603-d18f-4e2d-a090-5a7f0fd464f2\">\n<div class=\"flex w-full flex-col gap-1 juice:empty:hidden items-end rtl:items-start\">\n<div class=\"relative max-w-[70%] rounded-3xl bg-[#f4f4f4] px-5 py-2.5 dark:bg-token-main-surface-secondary\" style=\"text-align: center;\">Descubre nuestras ofertas irresistibles en La Habana con el Hotel Inglaterra.<\/div>\n<div style=\"text-align: center;\"><\/div>\n<div class=\"relative max-w-[70%] rounded-3xl bg-[#f4f4f4] px-5 py-2.5 dark:bg-token-main-surface-secondary\" style=\"text-align: center;\">Sum\u00e9rgete en la elegancia colonial de este hist\u00f3rico hotel mientras disfrutas de descuentos exclusivos para reservas anticipadas.<\/div>\n<div style=\"text-align: center;\"><\/div>\n<div class=\"relative max-w-[70%] rounded-3xl bg-[#f4f4f4] px-5 py-2.5 dark:bg-token-main-surface-secondary\" style=\"text-align: center;\">Con una ubicaci\u00f3n privilegiada frente al Parque Central, el Hotel Inglaterra te ofrece una experiencia \u00fanica en la capital cubana.<\/div>\n<div style=\"text-align: center;\"><\/div>\n<div class=\"relative max-w-[70%] rounded-3xl bg-[#f4f4f4] px-5 py-2.5 dark:bg-token-main-surface-secondary\" style=\"text-align: center;\">\n<p>Aprovecha esta oportunidad para explorar la ciudad y su rica historia mientras te alojas en una de las joyas arquitect\u00f3nicas m\u00e1s emblem\u00e1ticas de La Habana.<\/p>\n<div class=\"absolute bottom-0 right-full top-0 -mr-3.5 hidden pr-5 pt-1 group-hover\/conversation-turn:block\"><\/div>\n<\/div>\n<\/div>\n<\/div>\n<\/div>\n<\/div>\n<\/div>\n<\/div>\n<\/div>\n<\/div>\n<div class=\"w-full text-token-text-primary\" dir=\"auto\" data-testid=\"conversation-turn-53\" data-scroll-anchor=\"true\">\n<div class=\"py-2 juice:py-[18px] px-3 text-base md:px-4 m-auto md:px-5 lg:px-1 xl:px-5\">\n<div class=\"mx-auto flex flex-1 gap-3 text-base juice:gap-4 juice:md:gap-6 md:max-w-3xl lg:max-w-[40rem] xl:max-w-[48rem]\">\n<div class=\"flex-shrink-0 flex flex-col relative items-end\">\n<div>\n<div class=\"pt-0.5 juice:pt-0\">\n<div class=\"gizmo-bot-avatar flex h-6 w-6 items-center justify-center overflow-hidden rounded-full juice:h-8 juice:w-8\">\n<div class=\"relative p-1 rounded-sm flex items-center justify-center bg-token-main-surface-primary text-token-text-primary h-8 w-8\"><\/div>\n<\/div>\n<\/div>\n<\/div>\n<\/div>\n<\/div>\n<\/div>\n<\/div>\n","protected":false},"excerpt":{"rendered":"<p>Descubre nuestras ofertas irresistibles en La Habana con el Hotel Inglaterra.<\/p>\n<p>Sum\u00e9rgete en la elegancia colonial de este hist\u00f3rico hotel mientras disfrutas de descuentos exclusivos para reservas anticipadas.<\/p>\n<p>Con una ubicaci\u00f3n privilegiada frente al Parque Central, el Hotel Inglaterra te ofrece una experiencia \u00fanica en la capital cubana.<\/p>\n<p>Aprovecha esta oportunidad para explorar la ciudad y su rica historia mientras te alojas en una de las joyas arquitect\u00f3nicas m\u00e1s emblem\u00e1ticas de La Habana.<\/p>\n<p>[&#8230;]<\/p>\n","protected":false},"author":5,"featured_media":15728,"parent":0,"menu_order":0,"comment_status":"closed","ping_status":"closed","template":"page-templates\/newoffers.php","meta":{"_acf_changed":false,"footnotes":""},"class_list":["post-16278","page","type-page","status-publish","has-post-thumbnail","hentry"],"acf":[],"yoast_head":"<!-- This site is optimized with the Yoast SEO plugin v27.4 - https:\/\/yoast.com\/product\/yoast-seo-wordpress\/ -->\n<title>Nuevas Ofertas | Hotel Inglaterra La Habana<\/title>\n<meta name=\"description\" content=\"Descubre las \u00faltimas ofertas del Hotel Inglaterra en La Habana. Promociones actualizadas para que disfrutes de una estancia inolvidable en el hotel m\u00e1s ic\u00f3nico de Cuba. \u00a1Reserva hoy mismo!\" \/>\n<meta name=\"robots\" content=\"index, follow, max-snippet:-1, max-image-preview:large, max-video-preview:-1\" \/>\n<link rel=\"canonical\" href=\"https:\/\/hotelinglaterralahabana.com\/es\/ofertas-new\/\" \/>\n<meta property=\"og:locale\" content=\"es_ES\" \/>\n<meta property=\"og:type\" content=\"article\" \/>\n<meta property=\"og:title\" content=\"Nuevas Ofertas | Hotel Inglaterra La Habana\" \/>\n<meta property=\"og:description\" content=\"Descubre las \u00faltimas ofertas del Hotel Inglaterra en La Habana. Promociones actualizadas para que disfrutes de una estancia inolvidable en el hotel m\u00e1s ic\u00f3nico de Cuba. \u00a1Reserva hoy mismo!\" \/>\n<meta property=\"og:url\" content=\"https:\/\/hotelinglaterralahabana.com\/es\/ofertas-new\/\" \/>\n<meta property=\"og:site_name\" content=\"Hotel Inglaterra\" \/>\n<meta property=\"article:publisher\" content=\"https:\/\/www.facebook.com\/HotelInglaterraCuba\/\" \/>\n<meta property=\"article:modified_time\" content=\"2026-02-16T06:42:02+00:00\" \/>\n<meta property=\"og:image\" content=\"https:\/\/hotelinglaterralahabana.com\/wp-content\/uploads\/2022\/12\/YDRAY-INglaterra-Auto-web.jpeg\" \/>\n\t<meta property=\"og:image:width\" content=\"1920\" \/>\n\t<meta property=\"og:image:height\" content=\"1440\" \/>\n\t<meta property=\"og:image:type\" content=\"image\/jpeg\" \/>\n<meta name=\"twitter:card\" content=\"summary_large_image\" \/>\n<meta name=\"twitter:site\" content=\"@cubainglaterra\" \/>\n<meta name=\"twitter:label1\" content=\"Tiempo de lectura\" \/>\n\t<meta name=\"twitter:data1\" content=\"1 minuto\" \/>\n<script type=\"application\/ld+json\" class=\"yoast-schema-graph\">{\"@context\":\"https:\\\/\\\/schema.org\",\"@graph\":[{\"@type\":\"WebPage\",\"@id\":\"https:\\\/\\\/hotelinglaterralahabana.com\\\/es\\\/ofertas-new\\\/\",\"url\":\"https:\\\/\\\/hotelinglaterralahabana.com\\\/es\\\/ofertas-new\\\/\",\"name\":\"Nuevas Ofertas | Hotel Inglaterra La Habana\",\"isPartOf\":{\"@id\":\"https:\\\/\\\/hotelinglaterralahabana.com\\\/#website\"},\"primaryImageOfPage\":{\"@id\":\"https:\\\/\\\/hotelinglaterralahabana.com\\\/es\\\/ofertas-new\\\/#primaryimage\"},\"image\":{\"@id\":\"https:\\\/\\\/hotelinglaterralahabana.com\\\/es\\\/ofertas-new\\\/#primaryimage\"},\"thumbnailUrl\":\"https:\\\/\\\/hotelinglaterralahabana.com\\\/wp-content\\\/uploads\\\/2022\\\/12\\\/YDRAY-INglaterra-Auto-web.jpeg\",\"datePublished\":\"2024-05-31T11:00:37+00:00\",\"dateModified\":\"2026-02-16T06:42:02+00:00\",\"description\":\"Descubre las \u00faltimas ofertas del Hotel Inglaterra en La Habana. Promociones actualizadas para que disfrutes de una estancia inolvidable en el hotel m\u00e1s ic\u00f3nico de Cuba. \u00a1Reserva hoy mismo!\",\"breadcrumb\":{\"@id\":\"https:\\\/\\\/hotelinglaterralahabana.com\\\/es\\\/ofertas-new\\\/#breadcrumb\"},\"inLanguage\":\"es\",\"potentialAction\":[{\"@type\":\"ReadAction\",\"target\":[\"https:\\\/\\\/hotelinglaterralahabana.com\\\/es\\\/ofertas-new\\\/\"]}]},{\"@type\":\"ImageObject\",\"inLanguage\":\"es\",\"@id\":\"https:\\\/\\\/hotelinglaterralahabana.com\\\/es\\\/ofertas-new\\\/#primaryimage\",\"url\":\"https:\\\/\\\/hotelinglaterralahabana.com\\\/wp-content\\\/uploads\\\/2022\\\/12\\\/YDRAY-INglaterra-Auto-web.jpeg\",\"contentUrl\":\"https:\\\/\\\/hotelinglaterralahabana.com\\\/wp-content\\\/uploads\\\/2022\\\/12\\\/YDRAY-INglaterra-Auto-web.jpeg\",\"width\":1920,\"height\":1440},{\"@type\":\"BreadcrumbList\",\"@id\":\"https:\\\/\\\/hotelinglaterralahabana.com\\\/es\\\/ofertas-new\\\/#breadcrumb\",\"itemListElement\":[{\"@type\":\"ListItem\",\"position\":1,\"name\":\"Portada\",\"item\":\"https:\\\/\\\/hotelinglaterralahabana.com\\\/es\\\/\"},{\"@type\":\"ListItem\",\"position\":2,\"name\":\"Ofertas new\"}]},{\"@type\":\"WebSite\",\"@id\":\"https:\\\/\\\/hotelinglaterralahabana.com\\\/#website\",\"url\":\"https:\\\/\\\/hotelinglaterralahabana.com\\\/\",\"name\":\"Hotel Inglaterra\",\"description\":\"\",\"publisher\":{\"@id\":\"https:\\\/\\\/hotelinglaterralahabana.com\\\/#organization\"},\"alternateName\":\"[OFICIAL\u00ae] Hotel Inglaterra | Hotel Boutique en la Habana Vieja\",\"potentialAction\":[{\"@type\":\"SearchAction\",\"target\":{\"@type\":\"EntryPoint\",\"urlTemplate\":\"https:\\\/\\\/hotelinglaterralahabana.com\\\/?s={search_term_string}\"},\"query-input\":{\"@type\":\"PropertyValueSpecification\",\"valueRequired\":true,\"valueName\":\"search_term_string\"}}],\"inLanguage\":\"es\"},{\"@type\":\"Organization\",\"@id\":\"https:\\\/\\\/hotelinglaterralahabana.com\\\/#organization\",\"name\":\"Hotel Inglaterra\",\"alternateName\":\"[OFICIAL\u00ae] Hotel Inglaterra | Hotel Boutique en la Habana Vieja\",\"url\":\"https:\\\/\\\/hotelinglaterralahabana.com\\\/\",\"logo\":{\"@type\":\"ImageObject\",\"inLanguage\":\"es\",\"@id\":\"https:\\\/\\\/hotelinglaterralahabana.com\\\/#\\\/schema\\\/logo\\\/image\\\/\",\"url\":\"https:\\\/\\\/hotelinglaterralahabana.com\\\/wp-content\\\/uploads\\\/2025\\\/04\\\/logo.png\",\"contentUrl\":\"https:\\\/\\\/hotelinglaterralahabana.com\\\/wp-content\\\/uploads\\\/2025\\\/04\\\/logo.png\",\"width\":118,\"height\":138,\"caption\":\"Hotel Inglaterra\"},\"image\":{\"@id\":\"https:\\\/\\\/hotelinglaterralahabana.com\\\/#\\\/schema\\\/logo\\\/image\\\/\"},\"sameAs\":[\"https:\\\/\\\/www.facebook.com\\\/HotelInglaterraCuba\\\/\",\"https:\\\/\\\/x.com\\\/cubainglaterra\",\"https:\\\/\\\/www.instagram.com\\\/hotelinglaterrahabana\\\/\"]}]}<\/script>\n<!-- \/ Yoast SEO plugin. -->","yoast_head_json":{"title":"Nuevas Ofertas | Hotel Inglaterra La Habana","description":"Descubre las \u00faltimas ofertas del Hotel Inglaterra en La Habana. Promociones actualizadas para que disfrutes de una estancia inolvidable en el hotel m\u00e1s ic\u00f3nico de Cuba. \u00a1Reserva hoy mismo!","robots":{"index":"index","follow":"follow","max-snippet":"max-snippet:-1","max-image-preview":"max-image-preview:large","max-video-preview":"max-video-preview:-1"},"canonical":"https:\/\/hotelinglaterralahabana.com\/es\/ofertas-new\/","og_locale":"es_ES","og_type":"article","og_title":"Nuevas Ofertas | Hotel Inglaterra La Habana","og_description":"Descubre las \u00faltimas ofertas del Hotel Inglaterra en La Habana. Promociones actualizadas para que disfrutes de una estancia inolvidable en el hotel m\u00e1s ic\u00f3nico de Cuba. \u00a1Reserva hoy mismo!","og_url":"https:\/\/hotelinglaterralahabana.com\/es\/ofertas-new\/","og_site_name":"Hotel Inglaterra","article_publisher":"https:\/\/www.facebook.com\/HotelInglaterraCuba\/","article_modified_time":"2026-02-16T06:42:02+00:00","og_image":[{"width":1920,"height":1440,"url":"https:\/\/hotelinglaterralahabana.com\/wp-content\/uploads\/2022\/12\/YDRAY-INglaterra-Auto-web.jpeg","type":"image\/jpeg"}],"twitter_card":"summary_large_image","twitter_site":"@cubainglaterra","twitter_misc":{"Tiempo de lectura":"1 minuto"},"schema":{"@context":"https:\/\/schema.org","@graph":[{"@type":"WebPage","@id":"https:\/\/hotelinglaterralahabana.com\/es\/ofertas-new\/","url":"https:\/\/hotelinglaterralahabana.com\/es\/ofertas-new\/","name":"Nuevas Ofertas | Hotel Inglaterra La Habana","isPartOf":{"@id":"https:\/\/hotelinglaterralahabana.com\/#website"},"primaryImageOfPage":{"@id":"https:\/\/hotelinglaterralahabana.com\/es\/ofertas-new\/#primaryimage"},"image":{"@id":"https:\/\/hotelinglaterralahabana.com\/es\/ofertas-new\/#primaryimage"},"thumbnailUrl":"https:\/\/hotelinglaterralahabana.com\/wp-content\/uploads\/2022\/12\/YDRAY-INglaterra-Auto-web.jpeg","datePublished":"2024-05-31T11:00:37+00:00","dateModified":"2026-02-16T06:42:02+00:00","description":"Descubre las \u00faltimas ofertas del Hotel Inglaterra en La Habana. Promociones actualizadas para que disfrutes de una estancia inolvidable en el hotel m\u00e1s ic\u00f3nico de Cuba. \u00a1Reserva hoy mismo!","breadcrumb":{"@id":"https:\/\/hotelinglaterralahabana.com\/es\/ofertas-new\/#breadcrumb"},"inLanguage":"es","potentialAction":[{"@type":"ReadAction","target":["https:\/\/hotelinglaterralahabana.com\/es\/ofertas-new\/"]}]},{"@type":"ImageObject","inLanguage":"es","@id":"https:\/\/hotelinglaterralahabana.com\/es\/ofertas-new\/#primaryimage","url":"https:\/\/hotelinglaterralahabana.com\/wp-content\/uploads\/2022\/12\/YDRAY-INglaterra-Auto-web.jpeg","contentUrl":"https:\/\/hotelinglaterralahabana.com\/wp-content\/uploads\/2022\/12\/YDRAY-INglaterra-Auto-web.jpeg","width":1920,"height":1440},{"@type":"BreadcrumbList","@id":"https:\/\/hotelinglaterralahabana.com\/es\/ofertas-new\/#breadcrumb","itemListElement":[{"@type":"ListItem","position":1,"name":"Portada","item":"https:\/\/hotelinglaterralahabana.com\/es\/"},{"@type":"ListItem","position":2,"name":"Ofertas new"}]},{"@type":"WebSite","@id":"https:\/\/hotelinglaterralahabana.com\/#website","url":"https:\/\/hotelinglaterralahabana.com\/","name":"Hotel Inglaterra","description":"","publisher":{"@id":"https:\/\/hotelinglaterralahabana.com\/#organization"},"alternateName":"[OFICIAL\u00ae] Hotel Inglaterra | Hotel Boutique en la Habana Vieja","potentialAction":[{"@type":"SearchAction","target":{"@type":"EntryPoint","urlTemplate":"https:\/\/hotelinglaterralahabana.com\/?s={search_term_string}"},"query-input":{"@type":"PropertyValueSpecification","valueRequired":true,"valueName":"search_term_string"}}],"inLanguage":"es"},{"@type":"Organization","@id":"https:\/\/hotelinglaterralahabana.com\/#organization","name":"Hotel Inglaterra","alternateName":"[OFICIAL\u00ae] Hotel Inglaterra | Hotel Boutique en la Habana Vieja","url":"https:\/\/hotelinglaterralahabana.com\/","logo":{"@type":"ImageObject","inLanguage":"es","@id":"https:\/\/hotelinglaterralahabana.com\/#\/schema\/logo\/image\/","url":"https:\/\/hotelinglaterralahabana.com\/wp-content\/uploads\/2025\/04\/logo.png","contentUrl":"https:\/\/hotelinglaterralahabana.com\/wp-content\/uploads\/2025\/04\/logo.png","width":118,"height":138,"caption":"Hotel Inglaterra"},"image":{"@id":"https:\/\/hotelinglaterralahabana.com\/#\/schema\/logo\/image\/"},"sameAs":["https:\/\/www.facebook.com\/HotelInglaterraCuba\/","https:\/\/x.com\/cubainglaterra","https:\/\/www.instagram.com\/hotelinglaterrahabana\/"]}]}},"_links":{"self":[{"href":"https:\/\/hotelinglaterralahabana.com\/es\/wp-json\/wp\/v2\/pages\/16278","targetHints":{"allow":["GET"]}}],"collection":[{"href":"https:\/\/hotelinglaterralahabana.com\/es\/wp-json\/wp\/v2\/pages"}],"about":[{"href":"https:\/\/hotelinglaterralahabana.com\/es\/wp-json\/wp\/v2\/types\/page"}],"author":[{"embeddable":true,"href":"https:\/\/hotelinglaterralahabana.com\/es\/wp-json\/wp\/v2\/users\/5"}],"replies":[{"embeddable":true,"href":"https:\/\/hotelinglaterralahabana.com\/es\/wp-json\/wp\/v2\/comments?post=16278"}],"version-history":[{"count":50,"href":"https:\/\/hotelinglaterralahabana.com\/es\/wp-json\/wp\/v2\/pages\/16278\/revisions"}],"predecessor-version":[{"id":17489,"href":"https:\/\/hotelinglaterralahabana.com\/es\/wp-json\/wp\/v2\/pages\/16278\/revisions\/17489"}],"wp:featuredmedia":[{"embeddable":true,"href":"https:\/\/hotelinglaterralahabana.com\/es\/wp-json\/wp\/v2\/media\/15728"}],"wp:attachment":[{"href":"https:\/\/hotelinglaterralahabana.com\/es\/wp-json\/wp\/v2\/media?parent=16278"}],"curies":[{"name":"wp","href":"https:\/\/api.w.org\/{rel}","templated":true}]}}