{"id":16197,"date":"2024-04-16T11:04:23","date_gmt":"2024-04-16T11:04:23","guid":{"rendered":"https:\/\/hotelinglaterralahabana.com\/terms-and-conditions-round-trip\/"},"modified":"2024-11-26T11:42:12","modified_gmt":"2024-11-26T11:42:12","slug":"terminos-y-condiciones-traslados","status":"publish","type":"page","link":"https:\/\/hotelinglaterralahabana.com\/es\/terminos-y-condiciones-traslados\/","title":{"rendered":"T\u00e9rminos y condiciones- traslados"},"content":{"rendered":"<p>Los hu\u00e9spedes deben reservar en l\u00ednea a trav\u00e9s del sitio web de Mystique Trinidad para un viaje de ida o de ida y vuelta entre Trinidad y La Habana (el transfer puede ser a los hoteles Mystique Trinidad y Memories Trinidad), disponible los lunes, mi\u00e9rcoles y viernes.<\/p>\n<p>El servicio de gu\u00eda est\u00e1 garantizado con un m\u00ednimo de seis hu\u00e9spedes, y las reservas deben hacerse con al menos tres d\u00edas de antelaci\u00f3n.<\/p>\n<p>No se requiere un m\u00ednimo de pasajeros, y los hu\u00e9spedes ser\u00e1n recogidos en cualquier hotel de La Habana y trasladados a Mystique Trinidad.<\/p>\n<p>Para consultas y solicitudes, p\u00f3ngase en contacto con nosotros a trav\u00e9s de nuestros sitios web oficiales.<\/p>\n<p>Para acceder a esta oferta es obligatorio reservar alojamiento en cualquiera de los dos hoteles de Trinidad:<\/p>\n<ul>\n<li><a href=\"https:\/\/www.mystiqueresorts.com\/es\/resorts\/trinidad-la-popa\" target=\"_blank\" rel=\"noopener\">Mystique Resorts<\/a><\/li>\n<li><a href=\"https:\/\/www.memoriesresorts.com\/es\/resorts\/trinidad-del-mar\" target=\"_blank\" rel=\"noopener\">Memories Resorts<\/a><\/li>\n<\/ul>\n<p>Se trata de una oferta por tiempo limitado y se aplican otras condiciones.<\/p>\n<p>Se requiere pago.<\/p>\n","protected":false},"excerpt":{"rendered":"<p>Los hu\u00e9spedes deben reservar en l\u00ednea a trav\u00e9s del sitio web de Mystique Trinidad para un viaje de ida o de ida y vuelta entre Trinidad y La Habana (el transfer puede ser a los hoteles Mystique Trinidad y Memories Trinidad), disponible los lunes, mi\u00e9rcoles y viernes.<\/p>\n<p>El servicio de gu\u00eda est\u00e1 garantizado con un m\u00ednimo de seis hu\u00e9spedes,<\/p>\n<p>[&#8230;]<\/p>\n","protected":false},"author":5,"featured_media":15758,"parent":0,"menu_order":0,"comment_status":"closed","ping_status":"closed","template":"","meta":{"_acf_changed":false,"footnotes":""},"class_list":["post-16197","page","type-page","status-publish","has-post-thumbnail","hentry"],"acf":[],"yoast_head":"<!-- This site is optimized with the Yoast SEO plugin v27.4 - https:\/\/yoast.com\/product\/yoast-seo-wordpress\/ -->\n<title>Legal Terms | Hotel Inglaterra la Habana Habana<\/title>\n<meta name=\"description\" content=\"Consulte aqu\u00ed las Condiciones Legales del Hotel Inglaterra la Habana\" \/>\n<meta name=\"robots\" content=\"index, follow, max-snippet:-1, max-image-preview:large, max-video-preview:-1\" \/>\n<link rel=\"canonical\" href=\"https:\/\/hotelinglaterralahabana.com\/es\/terminos-y-condiciones-traslados\/\" \/>\n<meta property=\"og:locale\" content=\"es_ES\" \/>\n<meta property=\"og:type\" content=\"article\" \/>\n<meta property=\"og:title\" content=\"Legal Terms | Hotel Inglaterra la Habana Habana\" \/>\n<meta property=\"og:description\" content=\"Consulte aqu\u00ed las Condiciones Legales del Hotel Inglaterra la Habana\" \/>\n<meta property=\"og:url\" content=\"https:\/\/hotelinglaterralahabana.com\/es\/terminos-y-condiciones-traslados\/\" \/>\n<meta property=\"og:site_name\" content=\"Hotel Inglaterra\" \/>\n<meta property=\"article:publisher\" content=\"https:\/\/www.facebook.com\/HotelInglaterraCuba\/\" \/>\n<meta property=\"article:modified_time\" content=\"2024-11-26T11:42:12+00:00\" \/>\n<meta property=\"og:image\" content=\"https:\/\/hotelinglaterralahabana.com\/wp-content\/uploads\/2022\/12\/YDRAY-Inglaterra-Buro-de-Turismo-2048x1736-1.jpg\" \/>\n\t<meta property=\"og:image:width\" content=\"2048\" \/>\n\t<meta property=\"og:image:height\" content=\"1736\" \/>\n\t<meta property=\"og:image:type\" content=\"image\/jpeg\" \/>\n<meta name=\"twitter:card\" content=\"summary_large_image\" \/>\n<meta name=\"twitter:site\" content=\"@cubainglaterra\" \/>\n<meta name=\"twitter:label1\" content=\"Tiempo de lectura\" \/>\n\t<meta name=\"twitter:data1\" content=\"1 minuto\" \/>\n<script type=\"application\/ld+json\" class=\"yoast-schema-graph\">{\"@context\":\"https:\\\/\\\/schema.org\",\"@graph\":[{\"@type\":\"WebPage\",\"@id\":\"https:\\\/\\\/hotelinglaterralahabana.com\\\/es\\\/terminos-y-condiciones-traslados\\\/\",\"url\":\"https:\\\/\\\/hotelinglaterralahabana.com\\\/es\\\/terminos-y-condiciones-traslados\\\/\",\"name\":\"Legal Terms | Hotel Inglaterra la Habana Habana\",\"isPartOf\":{\"@id\":\"https:\\\/\\\/hotelinglaterralahabana.com\\\/#website\"},\"primaryImageOfPage\":{\"@id\":\"https:\\\/\\\/hotelinglaterralahabana.com\\\/es\\\/terminos-y-condiciones-traslados\\\/#primaryimage\"},\"image\":{\"@id\":\"https:\\\/\\\/hotelinglaterralahabana.com\\\/es\\\/terminos-y-condiciones-traslados\\\/#primaryimage\"},\"thumbnailUrl\":\"https:\\\/\\\/hotelinglaterralahabana.com\\\/wp-content\\\/uploads\\\/2022\\\/12\\\/YDRAY-Inglaterra-Buro-de-Turismo-2048x1736-1.jpg\",\"datePublished\":\"2024-04-16T11:04:23+00:00\",\"dateModified\":\"2024-11-26T11:42:12+00:00\",\"description\":\"Consulte aqu\u00ed las Condiciones Legales del Hotel Inglaterra la Habana\",\"breadcrumb\":{\"@id\":\"https:\\\/\\\/hotelinglaterralahabana.com\\\/es\\\/terminos-y-condiciones-traslados\\\/#breadcrumb\"},\"inLanguage\":\"es\",\"potentialAction\":[{\"@type\":\"ReadAction\",\"target\":[\"https:\\\/\\\/hotelinglaterralahabana.com\\\/es\\\/terminos-y-condiciones-traslados\\\/\"]}]},{\"@type\":\"ImageObject\",\"inLanguage\":\"es\",\"@id\":\"https:\\\/\\\/hotelinglaterralahabana.com\\\/es\\\/terminos-y-condiciones-traslados\\\/#primaryimage\",\"url\":\"https:\\\/\\\/hotelinglaterralahabana.com\\\/wp-content\\\/uploads\\\/2022\\\/12\\\/YDRAY-Inglaterra-Buro-de-Turismo-2048x1736-1.jpg\",\"contentUrl\":\"https:\\\/\\\/hotelinglaterralahabana.com\\\/wp-content\\\/uploads\\\/2022\\\/12\\\/YDRAY-Inglaterra-Buro-de-Turismo-2048x1736-1.jpg\",\"width\":2048,\"height\":1736},{\"@type\":\"BreadcrumbList\",\"@id\":\"https:\\\/\\\/hotelinglaterralahabana.com\\\/es\\\/terminos-y-condiciones-traslados\\\/#breadcrumb\",\"itemListElement\":[{\"@type\":\"ListItem\",\"position\":1,\"name\":\"Portada\",\"item\":\"https:\\\/\\\/hotelinglaterralahabana.com\\\/es\\\/\"},{\"@type\":\"ListItem\",\"position\":2,\"name\":\"T\u00e9rminos y condiciones- traslados\"}]},{\"@type\":\"WebSite\",\"@id\":\"https:\\\/\\\/hotelinglaterralahabana.com\\\/#website\",\"url\":\"https:\\\/\\\/hotelinglaterralahabana.com\\\/\",\"name\":\"Hotel Inglaterra\",\"description\":\"\",\"publisher\":{\"@id\":\"https:\\\/\\\/hotelinglaterralahabana.com\\\/#organization\"},\"alternateName\":\"[OFICIAL\u00ae] Hotel Inglaterra | Hotel Boutique en la Habana Vieja\",\"potentialAction\":[{\"@type\":\"SearchAction\",\"target\":{\"@type\":\"EntryPoint\",\"urlTemplate\":\"https:\\\/\\\/hotelinglaterralahabana.com\\\/?s={search_term_string}\"},\"query-input\":{\"@type\":\"PropertyValueSpecification\",\"valueRequired\":true,\"valueName\":\"search_term_string\"}}],\"inLanguage\":\"es\"},{\"@type\":\"Organization\",\"@id\":\"https:\\\/\\\/hotelinglaterralahabana.com\\\/#organization\",\"name\":\"Hotel Inglaterra\",\"alternateName\":\"[OFICIAL\u00ae] Hotel Inglaterra | Hotel Boutique en la Habana Vieja\",\"url\":\"https:\\\/\\\/hotelinglaterralahabana.com\\\/\",\"logo\":{\"@type\":\"ImageObject\",\"inLanguage\":\"es\",\"@id\":\"https:\\\/\\\/hotelinglaterralahabana.com\\\/#\\\/schema\\\/logo\\\/image\\\/\",\"url\":\"https:\\\/\\\/hotelinglaterralahabana.com\\\/wp-content\\\/uploads\\\/2025\\\/04\\\/logo.png\",\"contentUrl\":\"https:\\\/\\\/hotelinglaterralahabana.com\\\/wp-content\\\/uploads\\\/2025\\\/04\\\/logo.png\",\"width\":118,\"height\":138,\"caption\":\"Hotel Inglaterra\"},\"image\":{\"@id\":\"https:\\\/\\\/hotelinglaterralahabana.com\\\/#\\\/schema\\\/logo\\\/image\\\/\"},\"sameAs\":[\"https:\\\/\\\/www.facebook.com\\\/HotelInglaterraCuba\\\/\",\"https:\\\/\\\/x.com\\\/cubainglaterra\",\"https:\\\/\\\/www.instagram.com\\\/hotelinglaterrahabana\\\/\"]}]}<\/script>\n<!-- \/ Yoast SEO plugin. -->","yoast_head_json":{"title":"Legal Terms | Hotel Inglaterra la Habana Habana","description":"Consulte aqu\u00ed las Condiciones Legales del Hotel Inglaterra la Habana","robots":{"index":"index","follow":"follow","max-snippet":"max-snippet:-1","max-image-preview":"max-image-preview:large","max-video-preview":"max-video-preview:-1"},"canonical":"https:\/\/hotelinglaterralahabana.com\/es\/terminos-y-condiciones-traslados\/","og_locale":"es_ES","og_type":"article","og_title":"Legal Terms | Hotel Inglaterra la Habana Habana","og_description":"Consulte aqu\u00ed las Condiciones Legales del Hotel Inglaterra la Habana","og_url":"https:\/\/hotelinglaterralahabana.com\/es\/terminos-y-condiciones-traslados\/","og_site_name":"Hotel Inglaterra","article_publisher":"https:\/\/www.facebook.com\/HotelInglaterraCuba\/","article_modified_time":"2024-11-26T11:42:12+00:00","og_image":[{"width":2048,"height":1736,"url":"https:\/\/hotelinglaterralahabana.com\/wp-content\/uploads\/2022\/12\/YDRAY-Inglaterra-Buro-de-Turismo-2048x1736-1.jpg","type":"image\/jpeg"}],"twitter_card":"summary_large_image","twitter_site":"@cubainglaterra","twitter_misc":{"Tiempo de lectura":"1 minuto"},"schema":{"@context":"https:\/\/schema.org","@graph":[{"@type":"WebPage","@id":"https:\/\/hotelinglaterralahabana.com\/es\/terminos-y-condiciones-traslados\/","url":"https:\/\/hotelinglaterralahabana.com\/es\/terminos-y-condiciones-traslados\/","name":"Legal Terms | Hotel Inglaterra la Habana Habana","isPartOf":{"@id":"https:\/\/hotelinglaterralahabana.com\/#website"},"primaryImageOfPage":{"@id":"https:\/\/hotelinglaterralahabana.com\/es\/terminos-y-condiciones-traslados\/#primaryimage"},"image":{"@id":"https:\/\/hotelinglaterralahabana.com\/es\/terminos-y-condiciones-traslados\/#primaryimage"},"thumbnailUrl":"https:\/\/hotelinglaterralahabana.com\/wp-content\/uploads\/2022\/12\/YDRAY-Inglaterra-Buro-de-Turismo-2048x1736-1.jpg","datePublished":"2024-04-16T11:04:23+00:00","dateModified":"2024-11-26T11:42:12+00:00","description":"Consulte aqu\u00ed las Condiciones Legales del Hotel Inglaterra la Habana","breadcrumb":{"@id":"https:\/\/hotelinglaterralahabana.com\/es\/terminos-y-condiciones-traslados\/#breadcrumb"},"inLanguage":"es","potentialAction":[{"@type":"ReadAction","target":["https:\/\/hotelinglaterralahabana.com\/es\/terminos-y-condiciones-traslados\/"]}]},{"@type":"ImageObject","inLanguage":"es","@id":"https:\/\/hotelinglaterralahabana.com\/es\/terminos-y-condiciones-traslados\/#primaryimage","url":"https:\/\/hotelinglaterralahabana.com\/wp-content\/uploads\/2022\/12\/YDRAY-Inglaterra-Buro-de-Turismo-2048x1736-1.jpg","contentUrl":"https:\/\/hotelinglaterralahabana.com\/wp-content\/uploads\/2022\/12\/YDRAY-Inglaterra-Buro-de-Turismo-2048x1736-1.jpg","width":2048,"height":1736},{"@type":"BreadcrumbList","@id":"https:\/\/hotelinglaterralahabana.com\/es\/terminos-y-condiciones-traslados\/#breadcrumb","itemListElement":[{"@type":"ListItem","position":1,"name":"Portada","item":"https:\/\/hotelinglaterralahabana.com\/es\/"},{"@type":"ListItem","position":2,"name":"T\u00e9rminos y condiciones- traslados"}]},{"@type":"WebSite","@id":"https:\/\/hotelinglaterralahabana.com\/#website","url":"https:\/\/hotelinglaterralahabana.com\/","name":"Hotel Inglaterra","description":"","publisher":{"@id":"https:\/\/hotelinglaterralahabana.com\/#organization"},"alternateName":"[OFICIAL\u00ae] Hotel Inglaterra | Hotel Boutique en la Habana Vieja","potentialAction":[{"@type":"SearchAction","target":{"@type":"EntryPoint","urlTemplate":"https:\/\/hotelinglaterralahabana.com\/?s={search_term_string}"},"query-input":{"@type":"PropertyValueSpecification","valueRequired":true,"valueName":"search_term_string"}}],"inLanguage":"es"},{"@type":"Organization","@id":"https:\/\/hotelinglaterralahabana.com\/#organization","name":"Hotel Inglaterra","alternateName":"[OFICIAL\u00ae] Hotel Inglaterra | Hotel Boutique en la Habana Vieja","url":"https:\/\/hotelinglaterralahabana.com\/","logo":{"@type":"ImageObject","inLanguage":"es","@id":"https:\/\/hotelinglaterralahabana.com\/#\/schema\/logo\/image\/","url":"https:\/\/hotelinglaterralahabana.com\/wp-content\/uploads\/2025\/04\/logo.png","contentUrl":"https:\/\/hotelinglaterralahabana.com\/wp-content\/uploads\/2025\/04\/logo.png","width":118,"height":138,"caption":"Hotel Inglaterra"},"image":{"@id":"https:\/\/hotelinglaterralahabana.com\/#\/schema\/logo\/image\/"},"sameAs":["https:\/\/www.facebook.com\/HotelInglaterraCuba\/","https:\/\/x.com\/cubainglaterra","https:\/\/www.instagram.com\/hotelinglaterrahabana\/"]}]}},"_links":{"self":[{"href":"https:\/\/hotelinglaterralahabana.com\/es\/wp-json\/wp\/v2\/pages\/16197","targetHints":{"allow":["GET"]}}],"collection":[{"href":"https:\/\/hotelinglaterralahabana.com\/es\/wp-json\/wp\/v2\/pages"}],"about":[{"href":"https:\/\/hotelinglaterralahabana.com\/es\/wp-json\/wp\/v2\/types\/page"}],"author":[{"embeddable":true,"href":"https:\/\/hotelinglaterralahabana.com\/es\/wp-json\/wp\/v2\/users\/5"}],"replies":[{"embeddable":true,"href":"https:\/\/hotelinglaterralahabana.com\/es\/wp-json\/wp\/v2\/comments?post=16197"}],"version-history":[{"count":8,"href":"https:\/\/hotelinglaterralahabana.com\/es\/wp-json\/wp\/v2\/pages\/16197\/revisions"}],"predecessor-version":[{"id":16240,"href":"https:\/\/hotelinglaterralahabana.com\/es\/wp-json\/wp\/v2\/pages\/16197\/revisions\/16240"}],"wp:featuredmedia":[{"embeddable":true,"href":"https:\/\/hotelinglaterralahabana.com\/es\/wp-json\/wp\/v2\/media\/15758"}],"wp:attachment":[{"href":"https:\/\/hotelinglaterralahabana.com\/es\/wp-json\/wp\/v2\/media?parent=16197"}],"curies":[{"name":"wp","href":"https:\/\/api.w.org\/{rel}","templated":true}]}}