{"id":16121,"date":"2023-07-19T11:39:05","date_gmt":"2023-07-19T11:39:05","guid":{"rendered":"https:\/\/hotelinglaterralahabana.com\/?page_id=16121"},"modified":"2024-11-22T08:02:57","modified_gmt":"2024-11-22T08:02:57","slug":"una-oportunidad-unica-de-conocer-cuba","status":"publish","type":"page","link":"https:\/\/hotelinglaterralahabana.com\/es\/una-oportunidad-unica-de-conocer-cuba\/","title":{"rendered":"\u00a1Una oportunidad \u00fanica de conocer Cuba!"},"content":{"rendered":"<div class=\"container\">\n<p><!-- Secci\u00f3n de texto --><\/p>\n<div class=\"row\">\n<div class=\"col content-text\">\n<p>El Hotel Inglaterra te espera con los brazos abiertos para que vivas unas vacaciones inolvidables. Con instalaciones de primera clase, un servicio excepcional y una ubicaci\u00f3n envidiable, tendr\u00e1s todo lo que necesitas para relajarte y disfrutar al m\u00e1ximo.<\/p>\n<\/div>\n<\/div>\n<p><!-- Secci\u00f3n de tres im\u00e1genes --><\/p>\n<div class=\"row\">\n<div class=\"col-md-4\"><img decoding=\"async\" class=\"img-fluid\" src=\"https:\/\/hotelinglaterralahabana.com\/wp-content\/uploads\/2023\/07\/YDRAY-Inglaterra-Exterior-4-web-1024x680-1-600x398.jpeg\" alt=\"\" \/><\/div>\n<div class=\"col-md-4\"><img decoding=\"async\" class=\"img-fluid\" src=\"https:\/\/hotelinglaterralahabana.com\/wp-content\/uploads\/2023\/07\/YDRAY-Terraza-Solarium-600x450.jpeg\" alt=\"\" \/><\/div>\n<\/div>\n<p><!-- Secci\u00f3n de texto --><\/p>\n<div class=\"row\">\n<div class=\"col content-text\">\n<p>Sum\u00e9rgete en las aguas del Caribe, recorre las calles hist\u00f3ricas llenas de color y vida, y degusta la deliciosa gastronom\u00eda cubana. Adem\u00e1s, podr\u00e1s conocer la rica historia y cultura de la isla, desde la m\u00fasica y el baile hasta la hospitalidad de su gente.<\/p>\n<\/div>\n<\/div>\n<p><!-- Secci\u00f3n de dos im\u00e1genes --><\/p>\n<div class=\"row\">\n<div class=\"col-md-6\"><img decoding=\"async\" class=\"img-fluid\" src=\"https:\/\/hotelinglaterralahabana.com\/wp-content\/uploads\/2023\/07\/pexels-mehmet-turgut-kirkgoz-16808254-480x600.jpg\" alt=\"\" \/><\/div>\n<div class=\"col-md-6\"><img decoding=\"async\" class=\"img-fluid\" src=\"https:\/\/hotelinglaterralahabana.com\/wp-content\/uploads\/2023\/07\/pexels-dimitri-dim-1845844-600x397.jpg\" alt=\"\" \/><\/div>\n<\/div>\n<p><!-- Secci\u00f3n de texto --><\/p>\n<div class=\"row\">\n<div class=\"col content-text\">\n<p>\u00a1Reserva ahora y asegura tu lugar en este para\u00edso caribe\u00f1o! La oferta es por tiempo limitado, as\u00ed que no esperes m\u00e1s para hacer realidad tus sue\u00f1os de unas vacaciones inolvidables.<\/p>\n<\/div>\n<\/div>\n<div class=\"row\">\n<div class=\"col-md-6\"><img decoding=\"async\" class=\"img-fluid\" src=\"https:\/\/hotelinglaterralahabana.com\/wp-content\/uploads\/2023\/07\/YDRAY-Hotel-de-noche-600x450.jpeg\" alt=\"\" \/><\/div>\n<\/div>\n<p><!-- Secci\u00f3n de texto --><\/p>\n<div class=\"row\">\n<div class=\"col content-text\">\n<p>\u00a1Te esperamos en nuestro hotel en Cuba para crear recuerdos invaluables juntos!<\/p>\n<\/div>\n<\/div>\n<\/div>\n","protected":false},"excerpt":{"rendered":"<\/p>\n<p>El Hotel Inglaterra te espera con los brazos abiertos para que vivas unas vacaciones inolvidables. Con instalaciones de primera clase, un servicio excepcional y una ubicaci\u00f3n envidiable, tendr\u00e1s todo lo que necesitas para relajarte y disfrutar al m\u00e1ximo.<\/p>\n<\/p>\n<p><img decoding=\"async\" class=\"img-fluid\" src=\"https:\/\/hotelinglaterralahabana.com\/wp-content\/uploads\/2023\/07\/YDRAY-Inglaterra-Exterior-4-web-1024x680-1-600x398.jpeg\" alt=\"\" \/><br \/>\n<img decoding=\"async\" class=\"img-fluid\" src=\"https:\/\/hotelinglaterralahabana.com\/wp-content\/uploads\/2023\/07\/YDRAY-Terraza-Solarium-600x450.jpeg\" alt=\"\" \/><\/p>\n<p>Sum\u00e9rgete en las aguas del Caribe,<\/p>\n<p>[&#8230;]<\/p>\n","protected":false},"author":5,"featured_media":15732,"parent":0,"menu_order":0,"comment_status":"closed","ping_status":"closed","template":"","meta":{"_acf_changed":false,"footnotes":""},"class_list":["post-16121","page","type-page","status-publish","has-post-thumbnail","hentry"],"acf":[],"yoast_head":"<!-- This site is optimized with the Yoast SEO plugin v27.4 - https:\/\/yoast.com\/product\/yoast-seo-wordpress\/ -->\n<title>\u00a1Descubre Cuba con Estilo! | Hotel Inglaterra La Habana<\/title>\n<meta name=\"description\" content=\"Vive una experiencia inolvidable en Cuba. Descubre el Hotel Inglaterra, el alojamiento m\u00e1s emblem\u00e1tico de La Habana, y sum\u00e9rgete en la riqueza cultural, hist\u00f3rica y tropical de la isla. \u00a1Reserva ahora tu aventura \u00fanica!\" \/>\n<meta name=\"robots\" content=\"index, follow, max-snippet:-1, max-image-preview:large, max-video-preview:-1\" \/>\n<link rel=\"canonical\" href=\"https:\/\/hotelinglaterralahabana.com\/es\/una-oportunidad-unica-de-conocer-cuba\/\" \/>\n<meta property=\"og:locale\" content=\"es_ES\" \/>\n<meta property=\"og:type\" content=\"article\" \/>\n<meta property=\"og:title\" content=\"\u00a1Descubre Cuba con Estilo! | Hotel Inglaterra La Habana\" \/>\n<meta property=\"og:description\" content=\"Vive una experiencia inolvidable en Cuba. Descubre el Hotel Inglaterra, el alojamiento m\u00e1s emblem\u00e1tico de La Habana, y sum\u00e9rgete en la riqueza cultural, hist\u00f3rica y tropical de la isla. \u00a1Reserva ahora tu aventura \u00fanica!\" \/>\n<meta property=\"og:url\" content=\"https:\/\/hotelinglaterralahabana.com\/es\/una-oportunidad-unica-de-conocer-cuba\/\" \/>\n<meta property=\"og:site_name\" content=\"Hotel Inglaterra\" \/>\n<meta property=\"article:publisher\" content=\"https:\/\/www.facebook.com\/HotelInglaterraCuba\/\" \/>\n<meta property=\"article:modified_time\" content=\"2024-11-22T08:02:57+00:00\" \/>\n<meta property=\"og:image\" content=\"https:\/\/hotelinglaterralahabana.com\/wp-content\/uploads\/2022\/12\/YDRAY-Inglaterra-Cartel-web.jpeg\" \/>\n\t<meta property=\"og:image:width\" content=\"1920\" \/>\n\t<meta property=\"og:image:height\" content=\"1280\" \/>\n\t<meta property=\"og:image:type\" content=\"image\/jpeg\" \/>\n<meta name=\"twitter:card\" content=\"summary_large_image\" \/>\n<meta name=\"twitter:site\" content=\"@cubainglaterra\" \/>\n<meta name=\"twitter:label1\" content=\"Tiempo de lectura\" \/>\n\t<meta name=\"twitter:data1\" content=\"2 minutos\" \/>\n<script type=\"application\/ld+json\" class=\"yoast-schema-graph\">{\"@context\":\"https:\\\/\\\/schema.org\",\"@graph\":[{\"@type\":\"WebPage\",\"@id\":\"https:\\\/\\\/hotelinglaterralahabana.com\\\/es\\\/una-oportunidad-unica-de-conocer-cuba\\\/\",\"url\":\"https:\\\/\\\/hotelinglaterralahabana.com\\\/es\\\/una-oportunidad-unica-de-conocer-cuba\\\/\",\"name\":\"\u00a1Descubre Cuba con Estilo! | Hotel Inglaterra La Habana\",\"isPartOf\":{\"@id\":\"https:\\\/\\\/hotelinglaterralahabana.com\\\/#website\"},\"primaryImageOfPage\":{\"@id\":\"https:\\\/\\\/hotelinglaterralahabana.com\\\/es\\\/una-oportunidad-unica-de-conocer-cuba\\\/#primaryimage\"},\"image\":{\"@id\":\"https:\\\/\\\/hotelinglaterralahabana.com\\\/es\\\/una-oportunidad-unica-de-conocer-cuba\\\/#primaryimage\"},\"thumbnailUrl\":\"https:\\\/\\\/hotelinglaterralahabana.com\\\/wp-content\\\/uploads\\\/2022\\\/12\\\/YDRAY-Inglaterra-Cartel-web.jpeg\",\"datePublished\":\"2023-07-19T11:39:05+00:00\",\"dateModified\":\"2024-11-22T08:02:57+00:00\",\"description\":\"Vive una experiencia inolvidable en Cuba. Descubre el Hotel Inglaterra, el alojamiento m\u00e1s emblem\u00e1tico de La Habana, y sum\u00e9rgete en la riqueza cultural, hist\u00f3rica y tropical de la isla. \u00a1Reserva ahora tu aventura \u00fanica!\",\"breadcrumb\":{\"@id\":\"https:\\\/\\\/hotelinglaterralahabana.com\\\/es\\\/una-oportunidad-unica-de-conocer-cuba\\\/#breadcrumb\"},\"inLanguage\":\"es\",\"potentialAction\":[{\"@type\":\"ReadAction\",\"target\":[\"https:\\\/\\\/hotelinglaterralahabana.com\\\/es\\\/una-oportunidad-unica-de-conocer-cuba\\\/\"]}]},{\"@type\":\"ImageObject\",\"inLanguage\":\"es\",\"@id\":\"https:\\\/\\\/hotelinglaterralahabana.com\\\/es\\\/una-oportunidad-unica-de-conocer-cuba\\\/#primaryimage\",\"url\":\"https:\\\/\\\/hotelinglaterralahabana.com\\\/wp-content\\\/uploads\\\/2022\\\/12\\\/YDRAY-Inglaterra-Cartel-web.jpeg\",\"contentUrl\":\"https:\\\/\\\/hotelinglaterralahabana.com\\\/wp-content\\\/uploads\\\/2022\\\/12\\\/YDRAY-Inglaterra-Cartel-web.jpeg\",\"width\":1920,\"height\":1280},{\"@type\":\"BreadcrumbList\",\"@id\":\"https:\\\/\\\/hotelinglaterralahabana.com\\\/es\\\/una-oportunidad-unica-de-conocer-cuba\\\/#breadcrumb\",\"itemListElement\":[{\"@type\":\"ListItem\",\"position\":1,\"name\":\"Portada\",\"item\":\"https:\\\/\\\/hotelinglaterralahabana.com\\\/es\\\/\"},{\"@type\":\"ListItem\",\"position\":2,\"name\":\"\u00a1Una oportunidad \u00fanica de conocer Cuba!\"}]},{\"@type\":\"WebSite\",\"@id\":\"https:\\\/\\\/hotelinglaterralahabana.com\\\/#website\",\"url\":\"https:\\\/\\\/hotelinglaterralahabana.com\\\/\",\"name\":\"Hotel Inglaterra\",\"description\":\"\",\"publisher\":{\"@id\":\"https:\\\/\\\/hotelinglaterralahabana.com\\\/#organization\"},\"alternateName\":\"[OFICIAL\u00ae] Hotel Inglaterra | Hotel Boutique en la Habana Vieja\",\"potentialAction\":[{\"@type\":\"SearchAction\",\"target\":{\"@type\":\"EntryPoint\",\"urlTemplate\":\"https:\\\/\\\/hotelinglaterralahabana.com\\\/?s={search_term_string}\"},\"query-input\":{\"@type\":\"PropertyValueSpecification\",\"valueRequired\":true,\"valueName\":\"search_term_string\"}}],\"inLanguage\":\"es\"},{\"@type\":\"Organization\",\"@id\":\"https:\\\/\\\/hotelinglaterralahabana.com\\\/#organization\",\"name\":\"Hotel Inglaterra\",\"alternateName\":\"[OFICIAL\u00ae] Hotel Inglaterra | Hotel Boutique en la Habana Vieja\",\"url\":\"https:\\\/\\\/hotelinglaterralahabana.com\\\/\",\"logo\":{\"@type\":\"ImageObject\",\"inLanguage\":\"es\",\"@id\":\"https:\\\/\\\/hotelinglaterralahabana.com\\\/#\\\/schema\\\/logo\\\/image\\\/\",\"url\":\"https:\\\/\\\/hotelinglaterralahabana.com\\\/wp-content\\\/uploads\\\/2025\\\/04\\\/logo.png\",\"contentUrl\":\"https:\\\/\\\/hotelinglaterralahabana.com\\\/wp-content\\\/uploads\\\/2025\\\/04\\\/logo.png\",\"width\":118,\"height\":138,\"caption\":\"Hotel Inglaterra\"},\"image\":{\"@id\":\"https:\\\/\\\/hotelinglaterralahabana.com\\\/#\\\/schema\\\/logo\\\/image\\\/\"},\"sameAs\":[\"https:\\\/\\\/www.facebook.com\\\/HotelInglaterraCuba\\\/\",\"https:\\\/\\\/x.com\\\/cubainglaterra\",\"https:\\\/\\\/www.instagram.com\\\/hotelinglaterrahabana\\\/\"]}]}<\/script>\n<!-- \/ Yoast SEO plugin. -->","yoast_head_json":{"title":"\u00a1Descubre Cuba con Estilo! | Hotel Inglaterra La Habana","description":"Vive una experiencia inolvidable en Cuba. Descubre el Hotel Inglaterra, el alojamiento m\u00e1s emblem\u00e1tico de La Habana, y sum\u00e9rgete en la riqueza cultural, hist\u00f3rica y tropical de la isla. \u00a1Reserva ahora tu aventura \u00fanica!","robots":{"index":"index","follow":"follow","max-snippet":"max-snippet:-1","max-image-preview":"max-image-preview:large","max-video-preview":"max-video-preview:-1"},"canonical":"https:\/\/hotelinglaterralahabana.com\/es\/una-oportunidad-unica-de-conocer-cuba\/","og_locale":"es_ES","og_type":"article","og_title":"\u00a1Descubre Cuba con Estilo! | Hotel Inglaterra La Habana","og_description":"Vive una experiencia inolvidable en Cuba. Descubre el Hotel Inglaterra, el alojamiento m\u00e1s emblem\u00e1tico de La Habana, y sum\u00e9rgete en la riqueza cultural, hist\u00f3rica y tropical de la isla. \u00a1Reserva ahora tu aventura \u00fanica!","og_url":"https:\/\/hotelinglaterralahabana.com\/es\/una-oportunidad-unica-de-conocer-cuba\/","og_site_name":"Hotel Inglaterra","article_publisher":"https:\/\/www.facebook.com\/HotelInglaterraCuba\/","article_modified_time":"2024-11-22T08:02:57+00:00","og_image":[{"width":1920,"height":1280,"url":"https:\/\/hotelinglaterralahabana.com\/wp-content\/uploads\/2022\/12\/YDRAY-Inglaterra-Cartel-web.jpeg","type":"image\/jpeg"}],"twitter_card":"summary_large_image","twitter_site":"@cubainglaterra","twitter_misc":{"Tiempo de lectura":"2 minutos"},"schema":{"@context":"https:\/\/schema.org","@graph":[{"@type":"WebPage","@id":"https:\/\/hotelinglaterralahabana.com\/es\/una-oportunidad-unica-de-conocer-cuba\/","url":"https:\/\/hotelinglaterralahabana.com\/es\/una-oportunidad-unica-de-conocer-cuba\/","name":"\u00a1Descubre Cuba con Estilo! | Hotel Inglaterra La Habana","isPartOf":{"@id":"https:\/\/hotelinglaterralahabana.com\/#website"},"primaryImageOfPage":{"@id":"https:\/\/hotelinglaterralahabana.com\/es\/una-oportunidad-unica-de-conocer-cuba\/#primaryimage"},"image":{"@id":"https:\/\/hotelinglaterralahabana.com\/es\/una-oportunidad-unica-de-conocer-cuba\/#primaryimage"},"thumbnailUrl":"https:\/\/hotelinglaterralahabana.com\/wp-content\/uploads\/2022\/12\/YDRAY-Inglaterra-Cartel-web.jpeg","datePublished":"2023-07-19T11:39:05+00:00","dateModified":"2024-11-22T08:02:57+00:00","description":"Vive una experiencia inolvidable en Cuba. Descubre el Hotel Inglaterra, el alojamiento m\u00e1s emblem\u00e1tico de La Habana, y sum\u00e9rgete en la riqueza cultural, hist\u00f3rica y tropical de la isla. \u00a1Reserva ahora tu aventura \u00fanica!","breadcrumb":{"@id":"https:\/\/hotelinglaterralahabana.com\/es\/una-oportunidad-unica-de-conocer-cuba\/#breadcrumb"},"inLanguage":"es","potentialAction":[{"@type":"ReadAction","target":["https:\/\/hotelinglaterralahabana.com\/es\/una-oportunidad-unica-de-conocer-cuba\/"]}]},{"@type":"ImageObject","inLanguage":"es","@id":"https:\/\/hotelinglaterralahabana.com\/es\/una-oportunidad-unica-de-conocer-cuba\/#primaryimage","url":"https:\/\/hotelinglaterralahabana.com\/wp-content\/uploads\/2022\/12\/YDRAY-Inglaterra-Cartel-web.jpeg","contentUrl":"https:\/\/hotelinglaterralahabana.com\/wp-content\/uploads\/2022\/12\/YDRAY-Inglaterra-Cartel-web.jpeg","width":1920,"height":1280},{"@type":"BreadcrumbList","@id":"https:\/\/hotelinglaterralahabana.com\/es\/una-oportunidad-unica-de-conocer-cuba\/#breadcrumb","itemListElement":[{"@type":"ListItem","position":1,"name":"Portada","item":"https:\/\/hotelinglaterralahabana.com\/es\/"},{"@type":"ListItem","position":2,"name":"\u00a1Una oportunidad \u00fanica de conocer Cuba!"}]},{"@type":"WebSite","@id":"https:\/\/hotelinglaterralahabana.com\/#website","url":"https:\/\/hotelinglaterralahabana.com\/","name":"Hotel Inglaterra","description":"","publisher":{"@id":"https:\/\/hotelinglaterralahabana.com\/#organization"},"alternateName":"[OFICIAL\u00ae] Hotel Inglaterra | Hotel Boutique en la Habana Vieja","potentialAction":[{"@type":"SearchAction","target":{"@type":"EntryPoint","urlTemplate":"https:\/\/hotelinglaterralahabana.com\/?s={search_term_string}"},"query-input":{"@type":"PropertyValueSpecification","valueRequired":true,"valueName":"search_term_string"}}],"inLanguage":"es"},{"@type":"Organization","@id":"https:\/\/hotelinglaterralahabana.com\/#organization","name":"Hotel Inglaterra","alternateName":"[OFICIAL\u00ae] Hotel Inglaterra | Hotel Boutique en la Habana Vieja","url":"https:\/\/hotelinglaterralahabana.com\/","logo":{"@type":"ImageObject","inLanguage":"es","@id":"https:\/\/hotelinglaterralahabana.com\/#\/schema\/logo\/image\/","url":"https:\/\/hotelinglaterralahabana.com\/wp-content\/uploads\/2025\/04\/logo.png","contentUrl":"https:\/\/hotelinglaterralahabana.com\/wp-content\/uploads\/2025\/04\/logo.png","width":118,"height":138,"caption":"Hotel Inglaterra"},"image":{"@id":"https:\/\/hotelinglaterralahabana.com\/#\/schema\/logo\/image\/"},"sameAs":["https:\/\/www.facebook.com\/HotelInglaterraCuba\/","https:\/\/x.com\/cubainglaterra","https:\/\/www.instagram.com\/hotelinglaterrahabana\/"]}]}},"_links":{"self":[{"href":"https:\/\/hotelinglaterralahabana.com\/es\/wp-json\/wp\/v2\/pages\/16121","targetHints":{"allow":["GET"]}}],"collection":[{"href":"https:\/\/hotelinglaterralahabana.com\/es\/wp-json\/wp\/v2\/pages"}],"about":[{"href":"https:\/\/hotelinglaterralahabana.com\/es\/wp-json\/wp\/v2\/types\/page"}],"author":[{"embeddable":true,"href":"https:\/\/hotelinglaterralahabana.com\/es\/wp-json\/wp\/v2\/users\/5"}],"replies":[{"embeddable":true,"href":"https:\/\/hotelinglaterralahabana.com\/es\/wp-json\/wp\/v2\/comments?post=16121"}],"version-history":[{"count":27,"href":"https:\/\/hotelinglaterralahabana.com\/es\/wp-json\/wp\/v2\/pages\/16121\/revisions"}],"predecessor-version":[{"id":16404,"href":"https:\/\/hotelinglaterralahabana.com\/es\/wp-json\/wp\/v2\/pages\/16121\/revisions\/16404"}],"wp:featuredmedia":[{"embeddable":true,"href":"https:\/\/hotelinglaterralahabana.com\/es\/wp-json\/wp\/v2\/media\/15732"}],"wp:attachment":[{"href":"https:\/\/hotelinglaterralahabana.com\/es\/wp-json\/wp\/v2\/media?parent=16121"}],"curies":[{"name":"wp","href":"https:\/\/api.w.org\/{rel}","templated":true}]}}