{"id":15866,"date":"2022-12-16T12:46:06","date_gmt":"2022-12-16T12:46:06","guid":{"rendered":"https:\/\/hotelinglaterralahabana.com\/cookies-policy\/"},"modified":"2024-11-26T11:40:32","modified_gmt":"2024-11-26T11:40:32","slug":"politica-de-cookies","status":"publish","type":"page","link":"https:\/\/hotelinglaterralahabana.com\/es\/politica-de-cookies\/","title":{"rendered":"Pol\u00edtica de Cookies"},"content":{"rendered":"<p><span style=\"font-weight: 400;\">Cuando usted visita nuestro sitio web, nosotros o alg\u00fan tercero proveedor de nuestros servicios coloca un archivo de texto llamado \u201ccookie\u201d en el directorio del navegador del disco duro de su ordenador. Una cookie es un peque\u00f1o archivo de informaci\u00f3n que el sitio web puede almacenar en su navegador de internet para recuperar m\u00e1s tarde esa informaci\u00f3n. La cookie no puede ser le\u00edda por otros sitios web distintos de aquel que la coloc\u00f3.\u00a0<\/span><\/p>\n<p><span style=\"font-weight: 400;\">Nuestros proveedores de servicio externos usan cookies en representaci\u00f3n nuestra para recibir y almacenar la informaci\u00f3n registrada en internet, como en qu\u00e9 momento se produjo la visita, si el visitante ya ha estado antes en el sitio, y de qu\u00e9 sitio proviene. La direcci\u00f3n IP del ordenador del visitante aporta adem\u00e1s sus datos geogr\u00e1ficos. Esta informaci\u00f3n recolectada por la cookie es transmitida a nuestros proveedores de servicio externos y utilizada para evaluar el comportamiento del visitante en el sitio y elaborar informes estad\u00edsticos de la actividad del sitio web de Hotel Inglaterra, y puede utilizarse con fines de marketing.\u00a0<\/span><\/p>\n<p><span style=\"font-weight: 400;\">Usted puede desactivar las cookies de su navegador en cualquier momento siguiendo el procedimiento descrito en el men\u00fa de Herramientas o de Preferencias de su navegador. Si decide modificar su navegador con tal finalidad, algunas p\u00e1ginas de este sitio web podr\u00edan no funcionar correctamente. Encontrar\u00e1 m\u00e1s informaci\u00f3n sobre cookies y otra tecnolog\u00eda similar y su funcionamiento en\u00a0<\/span><a href=\"https:\/\/allaboutcookies.org\/\"><span style=\"font-weight: 400;\">allaboutcookies.org<\/span><\/a><span style=\"font-weight: 400;\">.<\/span><\/p>\n<p><b>Enlaces a sitios de terceros<\/b><\/p>\n<p><span style=\"font-weight: 400;\">El sitio web de Hotel Inglaterra puede ofrecer enlaces a sitios web de terceros. Tenga en cuenta que los operadores de los sitios web a los que remiten esos enlaces pueden tambi\u00e9n recoger Informaci\u00f3n Personal suya (incluida la informaci\u00f3n generada por el uso de cookies) cuando usted los visita. Hotel Inglaterra no es responsable del recibo, uso o comunicaci\u00f3n de su Informaci\u00f3n Personal por dichos terceros, por lo que es importante que usted conozca sus pol\u00edticas de privacidad antes de proporcionarles su Informaci\u00f3n Personal.<\/span><\/p>\n<p><b>Modificaciones a esta Pol\u00edtica de Privacidad<\/b><span style=\"font-weight: 400;\">\u00a0<\/span><\/p>\n<p><span style=\"font-weight: 400;\">Hotel Inglaterra se reserva el derecho a modificar esta Pol\u00edtica de Privacidad en cualquier momento y sin aviso respecto a los cambios referentes a las obligaciones legales o reglamentarias, ni los cambios en la forma en que gestionamos la Informaci\u00f3n Personal. La Pol\u00edtica de Privacidad, incluidas sus actualizaciones y enmiendas, que sean publicadas en cualquier momento o cada cierto tiempo a trav\u00e9s de este sitio web, se considerar\u00e1 la Pol\u00edtica de Privacidad en vigencia en ese momento. Esta Pol\u00edtica de Privacidad entr\u00f3 en vigencia el 17 de julio de 2016.<\/span><\/p>\n<p><b>Acceso, correcci\u00f3n, actualizaci\u00f3n y eliminaci\u00f3n de su informaci\u00f3n<\/b><\/p>\n<p><span style=\"font-weight: 400;\">Usted puede ayudarnos a mantener la exactitud de su Informaci\u00f3n Personal avis\u00e1ndonos de cualquier cambio en la misma. Tambi\u00e9n puede ponerse en contacto con el Director de Privacidad de Hotel Inglaterra como se indica a continuaci\u00f3n si desea retirar su consentimiento para procesar su Informaci\u00f3n Personal o para acceder, corregir, actualizar, eliminar u oponerse al procesamiento de su Informaci\u00f3n Personal.<\/span><\/p>\n<p><span style=\"font-weight: 400;\">Le informaremos de la respuesta a su solicitud respecto a su Informaci\u00f3n Personal de conformidad con la ley aplicable. Respecto a solicitud de acceso a su Informaci\u00f3n Personal, le enviaremos nuestra respuesta por correo electr\u00f3nico, fax o correo postal seg\u00fan sea conveniente.<\/span><\/p>\n<p><b>Informaci\u00f3n de contacto<\/b><span style=\"font-weight: 400;\">\u00a0<\/span><\/p>\n<p><span style=\"font-weight: 400;\">Para cualquier consulta sobre esta Pol\u00edtica de Privacidad o el procesamiento de su Informaci\u00f3n Personal, o para expresar cualquier queja o preocupaci\u00f3n sobre la gesti\u00f3n de esta Pol\u00edtica de Privacidad, o si desea presentar una solicitud por escrito en referencia a su Informaci\u00f3n Personal, puede ponerse en contacto con nuestro Director de Privacidad en el correo electr\u00f3nico\u00a0<\/span><a href=\"mailto:privacy@bluediamondresorts.com\"><span style=\"font-weight: 400;\">privacy@bluediamondresorts.com<\/span><\/a><span style=\"font-weight: 400;\">.<\/span><\/p>\n<p><span style=\"font-weight: 400;\">Es posible que le pidamos confirmar su identidad (proporcion\u00e1ndonos, por ejemplo, una identificaci\u00f3n legal) antes de procesar cualquier solicitud relacionada con su Informaci\u00f3n Personal.<\/span><\/p>\n","protected":false},"excerpt":{"rendered":"<p>Cuando usted visita nuestro sitio web, nosotros o alg\u00fan tercero proveedor de nuestros servicios coloca un archivo de texto llamado \u201ccookie\u201d en el directorio del navegador del disco duro de su ordenador. Una cookie es un peque\u00f1o archivo de informaci\u00f3n que el sitio web puede almacenar en su navegador de internet para recuperar m\u00e1s tarde esa informaci\u00f3n.<\/p>\n<p>[&#8230;]<\/p>\n","protected":false},"author":5,"featured_media":15030,"parent":0,"menu_order":0,"comment_status":"closed","ping_status":"closed","template":"","meta":{"_acf_changed":false,"footnotes":""},"class_list":["post-15866","page","type-page","status-publish","has-post-thumbnail","hentry"],"acf":[],"yoast_head":"<!-- This site is optimized with the Yoast SEO plugin v27.3 - https:\/\/yoast.com\/product\/yoast-seo-wordpress\/ -->\n<title>Pol\u00edticas de Cookies | Hotel Inglaterra La Habana<\/title>\n<meta name=\"description\" content=\"Inf\u00f3rmate sobre el uso de cookies en el sitio web del Hotel Inglaterra. Descubre c\u00f3mo protegemos tu privacidad y mejoramos tu experiencia de navegaci\u00f3n. Consulta nuestra pol\u00edtica completa aqu\u00ed.\" \/>\n<meta name=\"robots\" content=\"index, follow, max-snippet:-1, max-image-preview:large, max-video-preview:-1\" \/>\n<link rel=\"canonical\" href=\"https:\/\/hotelinglaterralahabana.com\/es\/politica-de-cookies\/\" \/>\n<meta property=\"og:locale\" content=\"es_ES\" \/>\n<meta property=\"og:type\" content=\"article\" \/>\n<meta property=\"og:title\" content=\"Pol\u00edticas de Cookies | Hotel Inglaterra La Habana\" \/>\n<meta property=\"og:description\" content=\"Inf\u00f3rmate sobre el uso de cookies en el sitio web del Hotel Inglaterra. Descubre c\u00f3mo protegemos tu privacidad y mejoramos tu experiencia de navegaci\u00f3n. Consulta nuestra pol\u00edtica completa aqu\u00ed.\" \/>\n<meta property=\"og:url\" content=\"https:\/\/hotelinglaterralahabana.com\/es\/politica-de-cookies\/\" \/>\n<meta property=\"og:site_name\" content=\"Hotel Inglaterra\" \/>\n<meta property=\"article:publisher\" content=\"https:\/\/www.facebook.com\/HotelInglaterraCuba\/\" \/>\n<meta property=\"article:modified_time\" content=\"2024-11-26T11:40:32+00:00\" \/>\n<meta property=\"og:image\" content=\"https:\/\/hotelinglaterralahabana.com\/wp-content\/uploads\/2019\/06\/palacio-convenciones.jpg\" \/>\n\t<meta property=\"og:image:width\" content=\"534\" \/>\n\t<meta property=\"og:image:height\" content=\"290\" \/>\n\t<meta property=\"og:image:type\" content=\"image\/jpeg\" \/>\n<meta name=\"twitter:card\" content=\"summary_large_image\" \/>\n<meta name=\"twitter:site\" content=\"@cubainglaterra\" \/>\n<meta name=\"twitter:label1\" content=\"Tiempo de lectura\" \/>\n\t<meta name=\"twitter:data1\" content=\"3 minutos\" \/>\n<script type=\"application\/ld+json\" class=\"yoast-schema-graph\">{\"@context\":\"https:\\\/\\\/schema.org\",\"@graph\":[{\"@type\":\"WebPage\",\"@id\":\"https:\\\/\\\/hotelinglaterralahabana.com\\\/es\\\/politica-de-cookies\\\/\",\"url\":\"https:\\\/\\\/hotelinglaterralahabana.com\\\/es\\\/politica-de-cookies\\\/\",\"name\":\"Pol\u00edticas de Cookies | Hotel Inglaterra La Habana\",\"isPartOf\":{\"@id\":\"https:\\\/\\\/hotelinglaterralahabana.com\\\/#website\"},\"primaryImageOfPage\":{\"@id\":\"https:\\\/\\\/hotelinglaterralahabana.com\\\/es\\\/politica-de-cookies\\\/#primaryimage\"},\"image\":{\"@id\":\"https:\\\/\\\/hotelinglaterralahabana.com\\\/es\\\/politica-de-cookies\\\/#primaryimage\"},\"thumbnailUrl\":\"https:\\\/\\\/hotelinglaterralahabana.com\\\/wp-content\\\/uploads\\\/2019\\\/06\\\/palacio-convenciones.jpg\",\"datePublished\":\"2022-12-16T12:46:06+00:00\",\"dateModified\":\"2024-11-26T11:40:32+00:00\",\"description\":\"Inf\u00f3rmate sobre el uso de cookies en el sitio web del Hotel Inglaterra. Descubre c\u00f3mo protegemos tu privacidad y mejoramos tu experiencia de navegaci\u00f3n. Consulta nuestra pol\u00edtica completa aqu\u00ed.\",\"breadcrumb\":{\"@id\":\"https:\\\/\\\/hotelinglaterralahabana.com\\\/es\\\/politica-de-cookies\\\/#breadcrumb\"},\"inLanguage\":\"es\",\"potentialAction\":[{\"@type\":\"ReadAction\",\"target\":[\"https:\\\/\\\/hotelinglaterralahabana.com\\\/es\\\/politica-de-cookies\\\/\"]}]},{\"@type\":\"ImageObject\",\"inLanguage\":\"es\",\"@id\":\"https:\\\/\\\/hotelinglaterralahabana.com\\\/es\\\/politica-de-cookies\\\/#primaryimage\",\"url\":\"https:\\\/\\\/hotelinglaterralahabana.com\\\/wp-content\\\/uploads\\\/2019\\\/06\\\/palacio-convenciones.jpg\",\"contentUrl\":\"https:\\\/\\\/hotelinglaterralahabana.com\\\/wp-content\\\/uploads\\\/2019\\\/06\\\/palacio-convenciones.jpg\",\"width\":534,\"height\":290},{\"@type\":\"BreadcrumbList\",\"@id\":\"https:\\\/\\\/hotelinglaterralahabana.com\\\/es\\\/politica-de-cookies\\\/#breadcrumb\",\"itemListElement\":[{\"@type\":\"ListItem\",\"position\":1,\"name\":\"Portada\",\"item\":\"https:\\\/\\\/hotelinglaterralahabana.com\\\/es\\\/\"},{\"@type\":\"ListItem\",\"position\":2,\"name\":\"Pol\u00edtica de Cookies\"}]},{\"@type\":\"WebSite\",\"@id\":\"https:\\\/\\\/hotelinglaterralahabana.com\\\/#website\",\"url\":\"https:\\\/\\\/hotelinglaterralahabana.com\\\/\",\"name\":\"Hotel Inglaterra\",\"description\":\"\",\"publisher\":{\"@id\":\"https:\\\/\\\/hotelinglaterralahabana.com\\\/#organization\"},\"alternateName\":\"[OFICIAL\u00ae] Hotel Inglaterra | Hotel Boutique en la Habana Vieja\",\"potentialAction\":[{\"@type\":\"SearchAction\",\"target\":{\"@type\":\"EntryPoint\",\"urlTemplate\":\"https:\\\/\\\/hotelinglaterralahabana.com\\\/?s={search_term_string}\"},\"query-input\":{\"@type\":\"PropertyValueSpecification\",\"valueRequired\":true,\"valueName\":\"search_term_string\"}}],\"inLanguage\":\"es\"},{\"@type\":\"Organization\",\"@id\":\"https:\\\/\\\/hotelinglaterralahabana.com\\\/#organization\",\"name\":\"Hotel Inglaterra\",\"alternateName\":\"[OFICIAL\u00ae] Hotel Inglaterra | Hotel Boutique en la Habana Vieja\",\"url\":\"https:\\\/\\\/hotelinglaterralahabana.com\\\/\",\"logo\":{\"@type\":\"ImageObject\",\"inLanguage\":\"es\",\"@id\":\"https:\\\/\\\/hotelinglaterralahabana.com\\\/#\\\/schema\\\/logo\\\/image\\\/\",\"url\":\"https:\\\/\\\/hotelinglaterralahabana.com\\\/wp-content\\\/uploads\\\/2025\\\/04\\\/logo.png\",\"contentUrl\":\"https:\\\/\\\/hotelinglaterralahabana.com\\\/wp-content\\\/uploads\\\/2025\\\/04\\\/logo.png\",\"width\":118,\"height\":138,\"caption\":\"Hotel Inglaterra\"},\"image\":{\"@id\":\"https:\\\/\\\/hotelinglaterralahabana.com\\\/#\\\/schema\\\/logo\\\/image\\\/\"},\"sameAs\":[\"https:\\\/\\\/www.facebook.com\\\/HotelInglaterraCuba\\\/\",\"https:\\\/\\\/x.com\\\/cubainglaterra\",\"https:\\\/\\\/www.instagram.com\\\/hotelinglaterrahabana\\\/\"]}]}<\/script>\n<!-- \/ Yoast SEO plugin. -->","yoast_head_json":{"title":"Pol\u00edticas de Cookies | Hotel Inglaterra La Habana","description":"Inf\u00f3rmate sobre el uso de cookies en el sitio web del Hotel Inglaterra. Descubre c\u00f3mo protegemos tu privacidad y mejoramos tu experiencia de navegaci\u00f3n. Consulta nuestra pol\u00edtica completa aqu\u00ed.","robots":{"index":"index","follow":"follow","max-snippet":"max-snippet:-1","max-image-preview":"max-image-preview:large","max-video-preview":"max-video-preview:-1"},"canonical":"https:\/\/hotelinglaterralahabana.com\/es\/politica-de-cookies\/","og_locale":"es_ES","og_type":"article","og_title":"Pol\u00edticas de Cookies | Hotel Inglaterra La Habana","og_description":"Inf\u00f3rmate sobre el uso de cookies en el sitio web del Hotel Inglaterra. Descubre c\u00f3mo protegemos tu privacidad y mejoramos tu experiencia de navegaci\u00f3n. Consulta nuestra pol\u00edtica completa aqu\u00ed.","og_url":"https:\/\/hotelinglaterralahabana.com\/es\/politica-de-cookies\/","og_site_name":"Hotel Inglaterra","article_publisher":"https:\/\/www.facebook.com\/HotelInglaterraCuba\/","article_modified_time":"2024-11-26T11:40:32+00:00","og_image":[{"width":534,"height":290,"url":"https:\/\/hotelinglaterralahabana.com\/wp-content\/uploads\/2019\/06\/palacio-convenciones.jpg","type":"image\/jpeg"}],"twitter_card":"summary_large_image","twitter_site":"@cubainglaterra","twitter_misc":{"Tiempo de lectura":"3 minutos"},"schema":{"@context":"https:\/\/schema.org","@graph":[{"@type":"WebPage","@id":"https:\/\/hotelinglaterralahabana.com\/es\/politica-de-cookies\/","url":"https:\/\/hotelinglaterralahabana.com\/es\/politica-de-cookies\/","name":"Pol\u00edticas de Cookies | Hotel Inglaterra La Habana","isPartOf":{"@id":"https:\/\/hotelinglaterralahabana.com\/#website"},"primaryImageOfPage":{"@id":"https:\/\/hotelinglaterralahabana.com\/es\/politica-de-cookies\/#primaryimage"},"image":{"@id":"https:\/\/hotelinglaterralahabana.com\/es\/politica-de-cookies\/#primaryimage"},"thumbnailUrl":"https:\/\/hotelinglaterralahabana.com\/wp-content\/uploads\/2019\/06\/palacio-convenciones.jpg","datePublished":"2022-12-16T12:46:06+00:00","dateModified":"2024-11-26T11:40:32+00:00","description":"Inf\u00f3rmate sobre el uso de cookies en el sitio web del Hotel Inglaterra. Descubre c\u00f3mo protegemos tu privacidad y mejoramos tu experiencia de navegaci\u00f3n. Consulta nuestra pol\u00edtica completa aqu\u00ed.","breadcrumb":{"@id":"https:\/\/hotelinglaterralahabana.com\/es\/politica-de-cookies\/#breadcrumb"},"inLanguage":"es","potentialAction":[{"@type":"ReadAction","target":["https:\/\/hotelinglaterralahabana.com\/es\/politica-de-cookies\/"]}]},{"@type":"ImageObject","inLanguage":"es","@id":"https:\/\/hotelinglaterralahabana.com\/es\/politica-de-cookies\/#primaryimage","url":"https:\/\/hotelinglaterralahabana.com\/wp-content\/uploads\/2019\/06\/palacio-convenciones.jpg","contentUrl":"https:\/\/hotelinglaterralahabana.com\/wp-content\/uploads\/2019\/06\/palacio-convenciones.jpg","width":534,"height":290},{"@type":"BreadcrumbList","@id":"https:\/\/hotelinglaterralahabana.com\/es\/politica-de-cookies\/#breadcrumb","itemListElement":[{"@type":"ListItem","position":1,"name":"Portada","item":"https:\/\/hotelinglaterralahabana.com\/es\/"},{"@type":"ListItem","position":2,"name":"Pol\u00edtica de Cookies"}]},{"@type":"WebSite","@id":"https:\/\/hotelinglaterralahabana.com\/#website","url":"https:\/\/hotelinglaterralahabana.com\/","name":"Hotel Inglaterra","description":"","publisher":{"@id":"https:\/\/hotelinglaterralahabana.com\/#organization"},"alternateName":"[OFICIAL\u00ae] Hotel Inglaterra | Hotel Boutique en la Habana Vieja","potentialAction":[{"@type":"SearchAction","target":{"@type":"EntryPoint","urlTemplate":"https:\/\/hotelinglaterralahabana.com\/?s={search_term_string}"},"query-input":{"@type":"PropertyValueSpecification","valueRequired":true,"valueName":"search_term_string"}}],"inLanguage":"es"},{"@type":"Organization","@id":"https:\/\/hotelinglaterralahabana.com\/#organization","name":"Hotel Inglaterra","alternateName":"[OFICIAL\u00ae] Hotel Inglaterra | Hotel Boutique en la Habana Vieja","url":"https:\/\/hotelinglaterralahabana.com\/","logo":{"@type":"ImageObject","inLanguage":"es","@id":"https:\/\/hotelinglaterralahabana.com\/#\/schema\/logo\/image\/","url":"https:\/\/hotelinglaterralahabana.com\/wp-content\/uploads\/2025\/04\/logo.png","contentUrl":"https:\/\/hotelinglaterralahabana.com\/wp-content\/uploads\/2025\/04\/logo.png","width":118,"height":138,"caption":"Hotel Inglaterra"},"image":{"@id":"https:\/\/hotelinglaterralahabana.com\/#\/schema\/logo\/image\/"},"sameAs":["https:\/\/www.facebook.com\/HotelInglaterraCuba\/","https:\/\/x.com\/cubainglaterra","https:\/\/www.instagram.com\/hotelinglaterrahabana\/"]}]}},"_links":{"self":[{"href":"https:\/\/hotelinglaterralahabana.com\/es\/wp-json\/wp\/v2\/pages\/15866","targetHints":{"allow":["GET"]}}],"collection":[{"href":"https:\/\/hotelinglaterralahabana.com\/es\/wp-json\/wp\/v2\/pages"}],"about":[{"href":"https:\/\/hotelinglaterralahabana.com\/es\/wp-json\/wp\/v2\/types\/page"}],"author":[{"embeddable":true,"href":"https:\/\/hotelinglaterralahabana.com\/es\/wp-json\/wp\/v2\/users\/5"}],"replies":[{"embeddable":true,"href":"https:\/\/hotelinglaterralahabana.com\/es\/wp-json\/wp\/v2\/comments?post=15866"}],"version-history":[{"count":2,"href":"https:\/\/hotelinglaterralahabana.com\/es\/wp-json\/wp\/v2\/pages\/15866\/revisions"}],"predecessor-version":[{"id":16046,"href":"https:\/\/hotelinglaterralahabana.com\/es\/wp-json\/wp\/v2\/pages\/15866\/revisions\/16046"}],"wp:featuredmedia":[{"embeddable":true,"href":"https:\/\/hotelinglaterralahabana.com\/es\/wp-json\/wp\/v2\/media\/15030"}],"wp:attachment":[{"href":"https:\/\/hotelinglaterralahabana.com\/es\/wp-json\/wp\/v2\/media?parent=15866"}],"curies":[{"name":"wp","href":"https:\/\/api.w.org\/{rel}","templated":true}]}}