{"id":15355,"date":"2019-08-09T08:51:42","date_gmt":"2019-08-09T08:51:42","guid":{"rendered":"https:\/\/hotelinglaterralahabana.com\/?page_id=15355"},"modified":"2024-11-26T11:39:10","modified_gmt":"2024-11-26T11:39:10","slug":"modificaciones-y-cancelaciones","status":"publish","type":"page","link":"https:\/\/hotelinglaterralahabana.com\/es\/modificaciones-y-cancelaciones\/","title":{"rendered":"Modificaciones y cancelaciones"},"content":{"rendered":"\n<div class=\"wpcf7 no-js\" id=\"wpcf7-f15353-o1\" lang=\"es-ES\" dir=\"ltr\" data-wpcf7-id=\"15353\">\n<div class=\"screen-reader-response\"><p role=\"status\" aria-live=\"polite\" aria-atomic=\"true\"><\/p> <ul><\/ul><\/div>\n<form action=\"\/es\/wp-json\/wp\/v2\/pages\/15355#wpcf7-f15353-o1\" method=\"post\" class=\"wpcf7-form init\" aria-label=\"Formulario de contacto\" novalidate=\"novalidate\" data-status=\"init\">\n<fieldset class=\"hidden-fields-container\"><input type=\"hidden\" name=\"_wpcf7\" value=\"15353\" \/><input type=\"hidden\" name=\"_wpcf7_version\" value=\"6.1.5\" \/><input type=\"hidden\" name=\"_wpcf7_locale\" value=\"es_ES\" \/><input type=\"hidden\" name=\"_wpcf7_unit_tag\" value=\"wpcf7-f15353-o1\" \/><input type=\"hidden\" name=\"_wpcf7_container_post\" value=\"0\" \/><input type=\"hidden\" name=\"_wpcf7_posted_data_hash\" value=\"\" \/><input type=\"hidden\" name=\"_wpcf7_recaptcha_response\" value=\"\" \/>\n<\/fieldset>\n<p><label> Tu nombre (requerido)<br \/>\n<span class=\"wpcf7-form-control-wrap\" data-name=\"your-name\"><input size=\"40\" maxlength=\"400\" class=\"wpcf7-form-control wpcf7-text wpcf7-validates-as-required\" aria-required=\"true\" aria-invalid=\"false\" value=\"\" type=\"text\" name=\"your-name\" \/><\/span> <\/label>\n<\/p>\n<p><label> Tu correo electr\u00f3nico (requerido)<br \/>\n<span class=\"wpcf7-form-control-wrap\" data-name=\"your-email\"><input size=\"40\" maxlength=\"400\" class=\"wpcf7-form-control wpcf7-email wpcf7-validates-as-required wpcf7-text wpcf7-validates-as-email\" aria-required=\"true\" aria-invalid=\"false\" value=\"\" type=\"email\" name=\"your-email\" \/><\/span> <\/label>\n<\/p>\n<p><label> Tu tel\u00e9fono de contacto (requerido)<br \/>\n<span class=\"wpcf7-form-control-wrap\" data-name=\"your-phone\"><input size=\"40\" maxlength=\"400\" class=\"wpcf7-form-control wpcf7-text wpcf7-validates-as-required\" aria-required=\"true\" aria-invalid=\"false\" value=\"\" type=\"text\" name=\"your-phone\" \/><\/span> <\/label>\n<\/p>\n<p><label> Asunto<br \/>\n<span class=\"wpcf7-form-control-wrap\" data-name=\"your-subject\"><input size=\"40\" maxlength=\"400\" class=\"wpcf7-form-control wpcf7-text\" aria-invalid=\"false\" value=\"\" type=\"text\" name=\"your-subject\" \/><\/span> <\/label>\n<\/p>\n<p><label> Ind\u00edquenos si desea cancelar o modificar su reserva<br \/>\n<span class=\"wpcf7-form-control-wrap\" data-name=\"your-message\"><textarea cols=\"40\" rows=\"10\" maxlength=\"2000\" class=\"wpcf7-form-control wpcf7-textarea\" aria-invalid=\"false\" name=\"your-message\"><\/textarea><\/span> <\/label>\n<\/p>\n<p><input class=\"wpcf7-form-control wpcf7-submit has-spinner\" type=\"submit\" value=\"Enviar\" \/>\n<\/p><p style=\"display: none !important;\" class=\"akismet-fields-container\" data-prefix=\"_wpcf7_ak_\"><label>&#916;<textarea name=\"_wpcf7_ak_hp_textarea\" cols=\"45\" rows=\"8\" maxlength=\"100\"><\/textarea><\/label><input type=\"hidden\" id=\"ak_js_1\" name=\"_wpcf7_ak_js\" value=\"250\"\/><script>document.getElementById( \"ak_js_1\" ).setAttribute( \"value\", ( new Date() ).getTime() );<\/script><\/p><div class=\"wpcf7-response-output\" aria-hidden=\"true\"><\/div>\n<\/form>\n<\/div>\n\n","protected":false},"excerpt":{"rendered":"<p>[&#8230;]<\/p>\n","protected":false},"author":5,"featured_media":15929,"parent":0,"menu_order":0,"comment_status":"closed","ping_status":"closed","template":"","meta":{"_acf_changed":false,"footnotes":""},"class_list":["post-15355","page","type-page","status-publish","has-post-thumbnail","hentry"],"acf":[],"yoast_head":"<!-- This site is optimized with the Yoast SEO plugin v27.3 - https:\/\/yoast.com\/product\/yoast-seo-wordpress\/ -->\n<title>Modificaciones y Cancelaciones | Hotel Inglaterra La Habana<\/title>\n<meta name=\"description\" content=\"Conoce las pol\u00edticas de modificaciones y cancelaciones del Hotel Inglaterra en La Habana. Obt\u00e9n informaci\u00f3n clara y detallada para gestionar tu reserva con facilidad. \u00a1Tu comodidad es nuestra prioridad!\" \/>\n<meta name=\"robots\" content=\"index, follow, max-snippet:-1, max-image-preview:large, max-video-preview:-1\" \/>\n<link rel=\"canonical\" href=\"https:\/\/hotelinglaterralahabana.com\/es\/modificaciones-y-cancelaciones\/\" \/>\n<meta property=\"og:locale\" content=\"es_ES\" \/>\n<meta property=\"og:type\" content=\"article\" \/>\n<meta property=\"og:title\" content=\"Modificaciones y Cancelaciones | Hotel Inglaterra La Habana\" \/>\n<meta property=\"og:description\" content=\"Conoce las pol\u00edticas de modificaciones y cancelaciones del Hotel Inglaterra en La Habana. Obt\u00e9n informaci\u00f3n clara y detallada para gestionar tu reserva con facilidad. \u00a1Tu comodidad es nuestra prioridad!\" \/>\n<meta property=\"og:url\" content=\"https:\/\/hotelinglaterralahabana.com\/es\/modificaciones-y-cancelaciones\/\" \/>\n<meta property=\"og:site_name\" content=\"Hotel Inglaterra\" \/>\n<meta property=\"article:publisher\" content=\"https:\/\/www.facebook.com\/HotelInglaterraCuba\/\" \/>\n<meta property=\"article:modified_time\" content=\"2024-11-26T11:39:10+00:00\" \/>\n<meta property=\"og:image\" content=\"https:\/\/hotelinglaterralahabana.com\/wp-content\/uploads\/2023\/01\/YDRAY-Bar-Terraza.jpg\" \/>\n\t<meta property=\"og:image:width\" content=\"800\" \/>\n\t<meta property=\"og:image:height\" content=\"600\" \/>\n\t<meta property=\"og:image:type\" content=\"image\/jpeg\" \/>\n<meta name=\"twitter:card\" content=\"summary_large_image\" \/>\n<meta name=\"twitter:site\" content=\"@cubainglaterra\" \/>\n<meta name=\"twitter:label1\" content=\"Tiempo de lectura\" \/>\n\t<meta name=\"twitter:data1\" content=\"1 minuto\" \/>\n<script type=\"application\/ld+json\" class=\"yoast-schema-graph\">{\"@context\":\"https:\\\/\\\/schema.org\",\"@graph\":[{\"@type\":\"WebPage\",\"@id\":\"https:\\\/\\\/hotelinglaterralahabana.com\\\/es\\\/modificaciones-y-cancelaciones\\\/\",\"url\":\"https:\\\/\\\/hotelinglaterralahabana.com\\\/es\\\/modificaciones-y-cancelaciones\\\/\",\"name\":\"Modificaciones y Cancelaciones | Hotel Inglaterra La Habana\",\"isPartOf\":{\"@id\":\"https:\\\/\\\/hotelinglaterralahabana.com\\\/#website\"},\"primaryImageOfPage\":{\"@id\":\"https:\\\/\\\/hotelinglaterralahabana.com\\\/es\\\/modificaciones-y-cancelaciones\\\/#primaryimage\"},\"image\":{\"@id\":\"https:\\\/\\\/hotelinglaterralahabana.com\\\/es\\\/modificaciones-y-cancelaciones\\\/#primaryimage\"},\"thumbnailUrl\":\"https:\\\/\\\/hotelinglaterralahabana.com\\\/wp-content\\\/uploads\\\/2023\\\/01\\\/YDRAY-Bar-Terraza.jpg\",\"datePublished\":\"2019-08-09T08:51:42+00:00\",\"dateModified\":\"2024-11-26T11:39:10+00:00\",\"description\":\"Conoce las pol\u00edticas de modificaciones y cancelaciones del Hotel Inglaterra en La Habana. Obt\u00e9n informaci\u00f3n clara y detallada para gestionar tu reserva con facilidad. \u00a1Tu comodidad es nuestra prioridad!\",\"breadcrumb\":{\"@id\":\"https:\\\/\\\/hotelinglaterralahabana.com\\\/es\\\/modificaciones-y-cancelaciones\\\/#breadcrumb\"},\"inLanguage\":\"es\",\"potentialAction\":[{\"@type\":\"ReadAction\",\"target\":[\"https:\\\/\\\/hotelinglaterralahabana.com\\\/es\\\/modificaciones-y-cancelaciones\\\/\"]}]},{\"@type\":\"ImageObject\",\"inLanguage\":\"es\",\"@id\":\"https:\\\/\\\/hotelinglaterralahabana.com\\\/es\\\/modificaciones-y-cancelaciones\\\/#primaryimage\",\"url\":\"https:\\\/\\\/hotelinglaterralahabana.com\\\/wp-content\\\/uploads\\\/2023\\\/01\\\/YDRAY-Bar-Terraza.jpg\",\"contentUrl\":\"https:\\\/\\\/hotelinglaterralahabana.com\\\/wp-content\\\/uploads\\\/2023\\\/01\\\/YDRAY-Bar-Terraza.jpg\",\"width\":800,\"height\":600},{\"@type\":\"BreadcrumbList\",\"@id\":\"https:\\\/\\\/hotelinglaterralahabana.com\\\/es\\\/modificaciones-y-cancelaciones\\\/#breadcrumb\",\"itemListElement\":[{\"@type\":\"ListItem\",\"position\":1,\"name\":\"Portada\",\"item\":\"https:\\\/\\\/hotelinglaterralahabana.com\\\/es\\\/\"},{\"@type\":\"ListItem\",\"position\":2,\"name\":\"Modificaciones y cancelaciones\"}]},{\"@type\":\"WebSite\",\"@id\":\"https:\\\/\\\/hotelinglaterralahabana.com\\\/#website\",\"url\":\"https:\\\/\\\/hotelinglaterralahabana.com\\\/\",\"name\":\"Hotel Inglaterra\",\"description\":\"\",\"publisher\":{\"@id\":\"https:\\\/\\\/hotelinglaterralahabana.com\\\/#organization\"},\"alternateName\":\"[OFICIAL\u00ae] Hotel Inglaterra | Hotel Boutique en la Habana Vieja\",\"potentialAction\":[{\"@type\":\"SearchAction\",\"target\":{\"@type\":\"EntryPoint\",\"urlTemplate\":\"https:\\\/\\\/hotelinglaterralahabana.com\\\/?s={search_term_string}\"},\"query-input\":{\"@type\":\"PropertyValueSpecification\",\"valueRequired\":true,\"valueName\":\"search_term_string\"}}],\"inLanguage\":\"es\"},{\"@type\":\"Organization\",\"@id\":\"https:\\\/\\\/hotelinglaterralahabana.com\\\/#organization\",\"name\":\"Hotel Inglaterra\",\"alternateName\":\"[OFICIAL\u00ae] Hotel Inglaterra | Hotel Boutique en la Habana Vieja\",\"url\":\"https:\\\/\\\/hotelinglaterralahabana.com\\\/\",\"logo\":{\"@type\":\"ImageObject\",\"inLanguage\":\"es\",\"@id\":\"https:\\\/\\\/hotelinglaterralahabana.com\\\/#\\\/schema\\\/logo\\\/image\\\/\",\"url\":\"https:\\\/\\\/hotelinglaterralahabana.com\\\/wp-content\\\/uploads\\\/2025\\\/04\\\/logo.png\",\"contentUrl\":\"https:\\\/\\\/hotelinglaterralahabana.com\\\/wp-content\\\/uploads\\\/2025\\\/04\\\/logo.png\",\"width\":118,\"height\":138,\"caption\":\"Hotel Inglaterra\"},\"image\":{\"@id\":\"https:\\\/\\\/hotelinglaterralahabana.com\\\/#\\\/schema\\\/logo\\\/image\\\/\"},\"sameAs\":[\"https:\\\/\\\/www.facebook.com\\\/HotelInglaterraCuba\\\/\",\"https:\\\/\\\/x.com\\\/cubainglaterra\",\"https:\\\/\\\/www.instagram.com\\\/hotelinglaterrahabana\\\/\"]}]}<\/script>\n<!-- \/ Yoast SEO plugin. -->","yoast_head_json":{"title":"Modificaciones y Cancelaciones | Hotel Inglaterra La Habana","description":"Conoce las pol\u00edticas de modificaciones y cancelaciones del Hotel Inglaterra en La Habana. Obt\u00e9n informaci\u00f3n clara y detallada para gestionar tu reserva con facilidad. \u00a1Tu comodidad es nuestra prioridad!","robots":{"index":"index","follow":"follow","max-snippet":"max-snippet:-1","max-image-preview":"max-image-preview:large","max-video-preview":"max-video-preview:-1"},"canonical":"https:\/\/hotelinglaterralahabana.com\/es\/modificaciones-y-cancelaciones\/","og_locale":"es_ES","og_type":"article","og_title":"Modificaciones y Cancelaciones | Hotel Inglaterra La Habana","og_description":"Conoce las pol\u00edticas de modificaciones y cancelaciones del Hotel Inglaterra en La Habana. Obt\u00e9n informaci\u00f3n clara y detallada para gestionar tu reserva con facilidad. \u00a1Tu comodidad es nuestra prioridad!","og_url":"https:\/\/hotelinglaterralahabana.com\/es\/modificaciones-y-cancelaciones\/","og_site_name":"Hotel Inglaterra","article_publisher":"https:\/\/www.facebook.com\/HotelInglaterraCuba\/","article_modified_time":"2024-11-26T11:39:10+00:00","og_image":[{"width":800,"height":600,"url":"https:\/\/hotelinglaterralahabana.com\/wp-content\/uploads\/2023\/01\/YDRAY-Bar-Terraza.jpg","type":"image\/jpeg"}],"twitter_card":"summary_large_image","twitter_site":"@cubainglaterra","twitter_misc":{"Tiempo de lectura":"1 minuto"},"schema":{"@context":"https:\/\/schema.org","@graph":[{"@type":"WebPage","@id":"https:\/\/hotelinglaterralahabana.com\/es\/modificaciones-y-cancelaciones\/","url":"https:\/\/hotelinglaterralahabana.com\/es\/modificaciones-y-cancelaciones\/","name":"Modificaciones y Cancelaciones | Hotel Inglaterra La Habana","isPartOf":{"@id":"https:\/\/hotelinglaterralahabana.com\/#website"},"primaryImageOfPage":{"@id":"https:\/\/hotelinglaterralahabana.com\/es\/modificaciones-y-cancelaciones\/#primaryimage"},"image":{"@id":"https:\/\/hotelinglaterralahabana.com\/es\/modificaciones-y-cancelaciones\/#primaryimage"},"thumbnailUrl":"https:\/\/hotelinglaterralahabana.com\/wp-content\/uploads\/2023\/01\/YDRAY-Bar-Terraza.jpg","datePublished":"2019-08-09T08:51:42+00:00","dateModified":"2024-11-26T11:39:10+00:00","description":"Conoce las pol\u00edticas de modificaciones y cancelaciones del Hotel Inglaterra en La Habana. Obt\u00e9n informaci\u00f3n clara y detallada para gestionar tu reserva con facilidad. \u00a1Tu comodidad es nuestra prioridad!","breadcrumb":{"@id":"https:\/\/hotelinglaterralahabana.com\/es\/modificaciones-y-cancelaciones\/#breadcrumb"},"inLanguage":"es","potentialAction":[{"@type":"ReadAction","target":["https:\/\/hotelinglaterralahabana.com\/es\/modificaciones-y-cancelaciones\/"]}]},{"@type":"ImageObject","inLanguage":"es","@id":"https:\/\/hotelinglaterralahabana.com\/es\/modificaciones-y-cancelaciones\/#primaryimage","url":"https:\/\/hotelinglaterralahabana.com\/wp-content\/uploads\/2023\/01\/YDRAY-Bar-Terraza.jpg","contentUrl":"https:\/\/hotelinglaterralahabana.com\/wp-content\/uploads\/2023\/01\/YDRAY-Bar-Terraza.jpg","width":800,"height":600},{"@type":"BreadcrumbList","@id":"https:\/\/hotelinglaterralahabana.com\/es\/modificaciones-y-cancelaciones\/#breadcrumb","itemListElement":[{"@type":"ListItem","position":1,"name":"Portada","item":"https:\/\/hotelinglaterralahabana.com\/es\/"},{"@type":"ListItem","position":2,"name":"Modificaciones y cancelaciones"}]},{"@type":"WebSite","@id":"https:\/\/hotelinglaterralahabana.com\/#website","url":"https:\/\/hotelinglaterralahabana.com\/","name":"Hotel Inglaterra","description":"","publisher":{"@id":"https:\/\/hotelinglaterralahabana.com\/#organization"},"alternateName":"[OFICIAL\u00ae] Hotel Inglaterra | Hotel Boutique en la Habana Vieja","potentialAction":[{"@type":"SearchAction","target":{"@type":"EntryPoint","urlTemplate":"https:\/\/hotelinglaterralahabana.com\/?s={search_term_string}"},"query-input":{"@type":"PropertyValueSpecification","valueRequired":true,"valueName":"search_term_string"}}],"inLanguage":"es"},{"@type":"Organization","@id":"https:\/\/hotelinglaterralahabana.com\/#organization","name":"Hotel Inglaterra","alternateName":"[OFICIAL\u00ae] Hotel Inglaterra | Hotel Boutique en la Habana Vieja","url":"https:\/\/hotelinglaterralahabana.com\/","logo":{"@type":"ImageObject","inLanguage":"es","@id":"https:\/\/hotelinglaterralahabana.com\/#\/schema\/logo\/image\/","url":"https:\/\/hotelinglaterralahabana.com\/wp-content\/uploads\/2025\/04\/logo.png","contentUrl":"https:\/\/hotelinglaterralahabana.com\/wp-content\/uploads\/2025\/04\/logo.png","width":118,"height":138,"caption":"Hotel Inglaterra"},"image":{"@id":"https:\/\/hotelinglaterralahabana.com\/#\/schema\/logo\/image\/"},"sameAs":["https:\/\/www.facebook.com\/HotelInglaterraCuba\/","https:\/\/x.com\/cubainglaterra","https:\/\/www.instagram.com\/hotelinglaterrahabana\/"]}]}},"_links":{"self":[{"href":"https:\/\/hotelinglaterralahabana.com\/es\/wp-json\/wp\/v2\/pages\/15355","targetHints":{"allow":["GET"]}}],"collection":[{"href":"https:\/\/hotelinglaterralahabana.com\/es\/wp-json\/wp\/v2\/pages"}],"about":[{"href":"https:\/\/hotelinglaterralahabana.com\/es\/wp-json\/wp\/v2\/types\/page"}],"author":[{"embeddable":true,"href":"https:\/\/hotelinglaterralahabana.com\/es\/wp-json\/wp\/v2\/users\/5"}],"replies":[{"embeddable":true,"href":"https:\/\/hotelinglaterralahabana.com\/es\/wp-json\/wp\/v2\/comments?post=15355"}],"version-history":[{"count":1,"href":"https:\/\/hotelinglaterralahabana.com\/es\/wp-json\/wp\/v2\/pages\/15355\/revisions"}],"predecessor-version":[{"id":15356,"href":"https:\/\/hotelinglaterralahabana.com\/es\/wp-json\/wp\/v2\/pages\/15355\/revisions\/15356"}],"wp:featuredmedia":[{"embeddable":true,"href":"https:\/\/hotelinglaterralahabana.com\/es\/wp-json\/wp\/v2\/media\/15929"}],"wp:attachment":[{"href":"https:\/\/hotelinglaterralahabana.com\/es\/wp-json\/wp\/v2\/media?parent=15355"}],"curies":[{"name":"wp","href":"https:\/\/api.w.org\/{rel}","templated":true}]}}