{"id":14949,"date":"2019-06-03T11:05:18","date_gmt":"2019-06-03T11:05:18","guid":{"rendered":"https:\/\/hotelinglaterralahabana.com\/?page_id=14949"},"modified":"2025-04-02T09:36:39","modified_gmt":"2025-04-02T09:36:39","slug":"condiciones-de-reserva","status":"publish","type":"page","link":"https:\/\/hotelinglaterralahabana.com\/es\/condiciones-de-reserva\/","title":{"rendered":"Condiciones de Reserva"},"content":{"rendered":"<p><span style=\"font-weight: 400;\">POL\u00cdTICA DE PAGO:<\/span><\/p>\n<p><span style=\"font-weight: 400;\">Tarjetas de cr\u00e9dito que se aceptan: Visa y Mastercard<\/span><\/p>\n<p><span style=\"font-weight: 400;\">Para pagos de alojamiento y extras tendr\u00e1n que realizarse con tarjeta de cr\u00e9dito. No se acepta efectivo.<\/span><\/p>\n<p><span style=\"font-weight: 400;\">\u00a0<\/span><\/p>\n<p><span style=\"font-weight: 400;\">GARANT\u00cdA DE DEP\u00d3SITO:<\/span><\/p>\n<p><span style=\"font-weight: 400;\">Se realizar\u00e1 un dep\u00f3sito del 100% del precio total de la reserva 1 hora despu\u00e9s de haber realizado la reserva. En caso de no recibir este dep\u00f3sito, no se garantizar\u00e1 la confirmaci\u00f3n de la misma.<\/span><\/p>\n<p><span style=\"font-weight: 400;\">\u00a0<\/span><\/p>\n<p><span style=\"font-weight: 400;\">POL\u00cdTICA DE CANCELACI\u00d3N:<\/span><\/p>\n<p><span style=\"font-weight: 400;\">Si cancela 72 horas antes de la llegada o no se presenta, 1 noche de cargo como gastos de cancelaci\u00f3n.<\/span><\/p>\n<p><span style=\"font-weight: 400;\">\u00a0<\/span><\/p>\n<p><span style=\"font-weight: 400;\">HOSPEDAJE:<\/span><\/p>\n<p><span style=\"font-weight: 400;\">Check in: despu\u00e9s de las 16:00 h.<\/span><\/p>\n<p><span style=\"font-weight: 400;\">Check out: antes de las 12:00 h.<\/span><\/p>\n<p><span style=\"font-weight: 400;\">\u00a0<\/span><\/p>\n<p><span style=\"font-weight: 400;\">POL\u00cdTICA SOBRE NI\u00d1OS:<\/span><\/p>\n<p><span style=\"font-weight: 400;\">Infantes: desde 0 a 1,99 a\u00f1os.<\/span><\/p>\n<p><span style=\"font-weight: 400;\">Ni\u00f1os: desde 2 a 12,99 a\u00f1os.<\/span><\/p>\n<p><span style=\"font-weight: 400;\">Los descuentos de ni\u00f1os solo aplican cuando \u00e9stos acompa\u00f1an a dos adultos.<\/span><\/p>\n<p><span style=\"font-weight: 400;\">\u00a0<\/span><\/p>\n<p><b>I.- IDENTIDAD DEL VENDEDOR.<\/b><\/p>\n<p>&nbsp;<\/p>\n<p><span style=\"font-weight: 400;\">El Vendedor de los servicios contratados por el usuario, es la entidad , que es una empresa que presta servicios de alojamiento hotelero.<\/span><\/p>\n<p><span style=\"font-weight: 400;\">La p\u00e1gina web <a id=\"m_-1030333555265579996m_-6854706767215649643LPlnk764926\" href=\"https:\/\/hotelinglaterralahabana.com\/\" target=\"_blank\" rel=\"noopener\">hotelinglaterralahabana.<wbr \/>com <\/a>est\u00e1 registrada a nombre de . La marca comercial se encuentra debidamente registra a nombre de la entidad.<\/span><\/p>\n<p><b>II.- OBJETO DE LAS CONDICIONES DE CONTRATACI\u00d3N.<\/b><\/p>\n<p>&nbsp;<\/p>\n<ol>\n<li style=\"font-weight: 400;\" aria-level=\"1\"><span style=\"font-weight: 400;\">Las presentes condiciones de contrataci\u00f3n tiene por objeto la fijaci\u00f3n de las condiciones para la venta y\/o reserva de los servicios a contratar a trav\u00e9s de la p\u00e1gina web www.<a id=\"m_-1030333555265579996m_-6854706767215649643LPlnk764926\" href=\"https:\/\/hotelinglaterralahabana.com\/\" target=\"_blank\" rel=\"noopener\">hotelinglaterralahabana.<wbr \/>com<\/a>. Las condiciones regularan la relaci\u00f3n contractual de compraventa\/reserva de alojamiento hotelero generada entre el Vendedor y el Comprador en el momento en que \u00e9ste acepta la casilla correspondiente durante el proceso de compra online. Las caracter\u00edsticas de los servicios contratados aparecen reflejadas en las correspondientes p\u00e1ginas de esta web, as\u00ed como las particularidades de cada operaci\u00f3n que pueda realizar en este entorno, siempre en idioma castellano.<\/span><\/li>\n<li style=\"font-weight: 400;\" aria-level=\"1\"><span style=\"font-weight: 400;\">La contrataci\u00f3n de cualquiera de los servicios y\/o productos por parte del comprador a trav\u00e9s de la p\u00e1gina www.<a id=\"m_-1030333555265579996m_-6854706767215649643LPlnk764926\" href=\"https:\/\/hotelinglaterralahabana.com\/\" target=\"_blank\" rel=\"noopener\">hotelinglaterralahabana.<wbr \/>com<\/a>, conlleva la aceptaci\u00f3n y sujeci\u00f3n a las presentes Condiciones Generales de venta en su totalidad.<\/span><\/li>\n<li style=\"font-weight: 400;\" aria-level=\"1\"><span style=\"font-weight: 400;\">La empresa, presta a trav\u00e9s de la p\u00e1gina web servicios de reserva y\/o venta de alojamiento de hotel, siempre ofertados por la entidad . Esta reserva y\/o venta de alojamiento hotelero se regir\u00e1 por las Condiciones de Contrataci\u00f3n aqu\u00ed recogidas y por las Condiciones Particulares que en su caso se apliquen a cada uno de los productos y servicios ofertados.<\/span><\/li>\n<li style=\"font-weight: 400;\" aria-level=\"1\"><span style=\"font-weight: 400;\">Los precios aplicables a los productos y\/o servicios contratados son los indicados en el sitio Web en la fecha de la reserva y\/o contrataci\u00f3n. Las ofertas estar\u00e1n debidamente marcadas e identificadas como tales, indicando convenientemente el precio anterior y el precio de la oferta.<\/span><\/li>\n<li style=\"font-weight: 400;\" aria-level=\"1\"><span style=\"font-weight: 400;\">Todos los medios y requerimientos t\u00e9cnicos que se precisen para acceder a la p\u00e1gina, a la p\u00e1gina web y a los servicios y\/o productos ofrecidos en la misma ser\u00e1n por cuenta exclusiva del Usuario, as\u00ed como cualesquiera gastos o impuestos a los que la prestaci\u00f3n de dichos servicios pueda dar lugar.<\/span><\/li>\n<li style=\"font-weight: 400;\" aria-level=\"1\"><span style=\"font-weight: 400;\">Una vez hubiera accedido, y para proceder a la utilizaci\u00f3n de los distintos servicios el Usuario deber\u00e1 seguir todas las indicaciones e instrucciones recogidas en la Web, cumplimentando a estos efectos las Condiciones Particulares y dem\u00e1s formularios fijados para cada servicio, lo cual supondr\u00e1 la lectura y aceptaci\u00f3n de todas las Condiciones Generales de Contrataci\u00f3n, as\u00ed como en su caso las Condiciones Particulares que fueran de aplicaci\u00f3n.<\/span><\/li>\n<\/ol>\n<p><b>III.- PROCEDIMIENTO DE COMPRA Y\/O RESERVA.<\/b><\/p>\n<p>&nbsp;<\/p>\n<p><span style=\"font-weight: 400;\">La contrataci\u00f3n de los servicios debe hacerse a trav\u00e9s de la selecci\u00f3n espec\u00edfica del tipo de alojamiento deseado, mediante los instrumentos de selecci\u00f3n de compra y\/o reserva que se encuentran instalados en la p\u00e1gina web.<\/span><\/p>\n<p><span style=\"font-weight: 400;\">Una vez seleccionada y verificada la solicitud de compra y\/o reserva, usted habr\u00e1 procedido a la expresa aceptaci\u00f3n total de todas y cada una de las condiciones generales tal y como se muestran en la web de la empresa con anterioridad a la adquisici\u00f3n de la prestaci\u00f3n de los servicios solicitados.<\/span><\/p>\n<p><span style=\"font-weight: 400;\">Desde el momento de la aceptaci\u00f3n, el usuario adquiere la condici\u00f3n de Cliente de la empresa que se describe en estas Condiciones Generales. Cualquier de los servicios, productos y\/o reservas ofertadas con posterioridad por la empresa deber\u00e1 ser objeto de una nueva contrataci\u00f3n.<\/span><\/p>\n<p><span style=\"font-weight: 400;\">Se recomienda al usuario\/cliente leer con m\u00e1s detenimiento las presentes Condiciones Generales, e imprimir en papel o guardar el documento en formato electr\u00f3nico.<\/span><\/p>\n","protected":false},"excerpt":{"rendered":"<p>POL\u00cdTICA DE PAGO:<\/p>\n<p>Tarjetas de cr\u00e9dito que se aceptan: Visa y Mastercard<\/p>\n<p>Para pagos de alojamiento y extras tendr\u00e1n que realizarse con tarjeta de cr\u00e9dito. No se acepta efectivo.<\/p>\n<p>\u00a0<\/p>\n<p>GARANT\u00cdA DE DEP\u00d3SITO:<\/p>\n<p>Se realizar\u00e1 un dep\u00f3sito del 100% del precio total de la reserva 1 hora despu\u00e9s de haber realizado la reserva.<\/p>\n<p>[&#8230;]<\/p>\n","protected":false},"author":5,"featured_media":16132,"parent":0,"menu_order":0,"comment_status":"closed","ping_status":"closed","template":"","meta":{"_acf_changed":false,"footnotes":""},"class_list":["post-14949","page","type-page","status-publish","has-post-thumbnail","hentry"],"acf":[],"yoast_head":"<!-- This site is optimized with the Yoast SEO plugin v27.3 - https:\/\/yoast.com\/product\/yoast-seo-wordpress\/ -->\n<title>Condiciones de Reserva | Hotel Inglaterra la Habana<\/title>\n<meta name=\"description\" content=\"Consulta aqu\u00ed los T\u00e9rminos Legales del Hotel Inglaterra la Habana\" \/>\n<meta name=\"robots\" content=\"index, follow, max-snippet:-1, max-image-preview:large, max-video-preview:-1\" \/>\n<link rel=\"canonical\" href=\"https:\/\/hotelinglaterralahabana.com\/es\/condiciones-de-reserva\/\" \/>\n<meta property=\"og:locale\" content=\"es_ES\" \/>\n<meta property=\"og:type\" content=\"article\" \/>\n<meta property=\"og:title\" content=\"Condiciones de Reserva | Hotel Inglaterra la Habana\" \/>\n<meta property=\"og:description\" content=\"Consulta aqu\u00ed los T\u00e9rminos Legales del Hotel Inglaterra la Habana\" \/>\n<meta property=\"og:url\" content=\"https:\/\/hotelinglaterralahabana.com\/es\/condiciones-de-reserva\/\" \/>\n<meta property=\"og:site_name\" content=\"Hotel Inglaterra\" \/>\n<meta property=\"article:publisher\" content=\"https:\/\/www.facebook.com\/HotelInglaterraCuba\/\" \/>\n<meta property=\"article:modified_time\" content=\"2025-04-02T09:36:39+00:00\" \/>\n<meta property=\"og:image\" content=\"https:\/\/hotelinglaterralahabana.com\/wp-content\/uploads\/2023\/07\/pexels-mehmet-turgut-kirkgoz-16808254-scaled.jpg\" \/>\n\t<meta property=\"og:image:width\" content=\"2048\" \/>\n\t<meta property=\"og:image:height\" content=\"2560\" \/>\n\t<meta property=\"og:image:type\" content=\"image\/jpeg\" \/>\n<meta name=\"twitter:card\" content=\"summary_large_image\" \/>\n<meta name=\"twitter:site\" content=\"@cubainglaterra\" \/>\n<meta name=\"twitter:label1\" content=\"Tiempo de lectura\" \/>\n\t<meta name=\"twitter:data1\" content=\"4 minutos\" \/>\n<script type=\"application\/ld+json\" class=\"yoast-schema-graph\">{\"@context\":\"https:\\\/\\\/schema.org\",\"@graph\":[{\"@type\":\"WebPage\",\"@id\":\"https:\\\/\\\/hotelinglaterralahabana.com\\\/es\\\/condiciones-de-reserva\\\/\",\"url\":\"https:\\\/\\\/hotelinglaterralahabana.com\\\/es\\\/condiciones-de-reserva\\\/\",\"name\":\"Condiciones de Reserva | Hotel Inglaterra la Habana\",\"isPartOf\":{\"@id\":\"https:\\\/\\\/hotelinglaterralahabana.com\\\/#website\"},\"primaryImageOfPage\":{\"@id\":\"https:\\\/\\\/hotelinglaterralahabana.com\\\/es\\\/condiciones-de-reserva\\\/#primaryimage\"},\"image\":{\"@id\":\"https:\\\/\\\/hotelinglaterralahabana.com\\\/es\\\/condiciones-de-reserva\\\/#primaryimage\"},\"thumbnailUrl\":\"https:\\\/\\\/hotelinglaterralahabana.com\\\/wp-content\\\/uploads\\\/2023\\\/07\\\/pexels-mehmet-turgut-kirkgoz-16808254-scaled.jpg\",\"datePublished\":\"2019-06-03T11:05:18+00:00\",\"dateModified\":\"2025-04-02T09:36:39+00:00\",\"description\":\"Consulta aqu\u00ed los T\u00e9rminos Legales del Hotel Inglaterra la Habana\",\"breadcrumb\":{\"@id\":\"https:\\\/\\\/hotelinglaterralahabana.com\\\/es\\\/condiciones-de-reserva\\\/#breadcrumb\"},\"inLanguage\":\"es\",\"potentialAction\":[{\"@type\":\"ReadAction\",\"target\":[\"https:\\\/\\\/hotelinglaterralahabana.com\\\/es\\\/condiciones-de-reserva\\\/\"]}]},{\"@type\":\"ImageObject\",\"inLanguage\":\"es\",\"@id\":\"https:\\\/\\\/hotelinglaterralahabana.com\\\/es\\\/condiciones-de-reserva\\\/#primaryimage\",\"url\":\"https:\\\/\\\/hotelinglaterralahabana.com\\\/wp-content\\\/uploads\\\/2023\\\/07\\\/pexels-mehmet-turgut-kirkgoz-16808254-scaled.jpg\",\"contentUrl\":\"https:\\\/\\\/hotelinglaterralahabana.com\\\/wp-content\\\/uploads\\\/2023\\\/07\\\/pexels-mehmet-turgut-kirkgoz-16808254-scaled.jpg\",\"width\":2048,\"height\":2560},{\"@type\":\"BreadcrumbList\",\"@id\":\"https:\\\/\\\/hotelinglaterralahabana.com\\\/es\\\/condiciones-de-reserva\\\/#breadcrumb\",\"itemListElement\":[{\"@type\":\"ListItem\",\"position\":1,\"name\":\"Portada\",\"item\":\"https:\\\/\\\/hotelinglaterralahabana.com\\\/es\\\/\"},{\"@type\":\"ListItem\",\"position\":2,\"name\":\"Condiciones de Reserva\"}]},{\"@type\":\"WebSite\",\"@id\":\"https:\\\/\\\/hotelinglaterralahabana.com\\\/#website\",\"url\":\"https:\\\/\\\/hotelinglaterralahabana.com\\\/\",\"name\":\"Hotel Inglaterra\",\"description\":\"\",\"publisher\":{\"@id\":\"https:\\\/\\\/hotelinglaterralahabana.com\\\/#organization\"},\"alternateName\":\"[OFICIAL\u00ae] Hotel Inglaterra | Hotel Boutique en la Habana Vieja\",\"potentialAction\":[{\"@type\":\"SearchAction\",\"target\":{\"@type\":\"EntryPoint\",\"urlTemplate\":\"https:\\\/\\\/hotelinglaterralahabana.com\\\/?s={search_term_string}\"},\"query-input\":{\"@type\":\"PropertyValueSpecification\",\"valueRequired\":true,\"valueName\":\"search_term_string\"}}],\"inLanguage\":\"es\"},{\"@type\":\"Organization\",\"@id\":\"https:\\\/\\\/hotelinglaterralahabana.com\\\/#organization\",\"name\":\"Hotel Inglaterra\",\"alternateName\":\"[OFICIAL\u00ae] Hotel Inglaterra | Hotel Boutique en la Habana Vieja\",\"url\":\"https:\\\/\\\/hotelinglaterralahabana.com\\\/\",\"logo\":{\"@type\":\"ImageObject\",\"inLanguage\":\"es\",\"@id\":\"https:\\\/\\\/hotelinglaterralahabana.com\\\/#\\\/schema\\\/logo\\\/image\\\/\",\"url\":\"https:\\\/\\\/hotelinglaterralahabana.com\\\/wp-content\\\/uploads\\\/2025\\\/04\\\/logo.png\",\"contentUrl\":\"https:\\\/\\\/hotelinglaterralahabana.com\\\/wp-content\\\/uploads\\\/2025\\\/04\\\/logo.png\",\"width\":118,\"height\":138,\"caption\":\"Hotel Inglaterra\"},\"image\":{\"@id\":\"https:\\\/\\\/hotelinglaterralahabana.com\\\/#\\\/schema\\\/logo\\\/image\\\/\"},\"sameAs\":[\"https:\\\/\\\/www.facebook.com\\\/HotelInglaterraCuba\\\/\",\"https:\\\/\\\/x.com\\\/cubainglaterra\",\"https:\\\/\\\/www.instagram.com\\\/hotelinglaterrahabana\\\/\"]}]}<\/script>\n<!-- \/ Yoast SEO plugin. -->","yoast_head_json":{"title":"Condiciones de Reserva | Hotel Inglaterra la Habana","description":"Consulta aqu\u00ed los T\u00e9rminos Legales del Hotel Inglaterra la Habana","robots":{"index":"index","follow":"follow","max-snippet":"max-snippet:-1","max-image-preview":"max-image-preview:large","max-video-preview":"max-video-preview:-1"},"canonical":"https:\/\/hotelinglaterralahabana.com\/es\/condiciones-de-reserva\/","og_locale":"es_ES","og_type":"article","og_title":"Condiciones de Reserva | Hotel Inglaterra la Habana","og_description":"Consulta aqu\u00ed los T\u00e9rminos Legales del Hotel Inglaterra la Habana","og_url":"https:\/\/hotelinglaterralahabana.com\/es\/condiciones-de-reserva\/","og_site_name":"Hotel Inglaterra","article_publisher":"https:\/\/www.facebook.com\/HotelInglaterraCuba\/","article_modified_time":"2025-04-02T09:36:39+00:00","og_image":[{"width":2048,"height":2560,"url":"https:\/\/hotelinglaterralahabana.com\/wp-content\/uploads\/2023\/07\/pexels-mehmet-turgut-kirkgoz-16808254-scaled.jpg","type":"image\/jpeg"}],"twitter_card":"summary_large_image","twitter_site":"@cubainglaterra","twitter_misc":{"Tiempo de lectura":"4 minutos"},"schema":{"@context":"https:\/\/schema.org","@graph":[{"@type":"WebPage","@id":"https:\/\/hotelinglaterralahabana.com\/es\/condiciones-de-reserva\/","url":"https:\/\/hotelinglaterralahabana.com\/es\/condiciones-de-reserva\/","name":"Condiciones de Reserva | Hotel Inglaterra la Habana","isPartOf":{"@id":"https:\/\/hotelinglaterralahabana.com\/#website"},"primaryImageOfPage":{"@id":"https:\/\/hotelinglaterralahabana.com\/es\/condiciones-de-reserva\/#primaryimage"},"image":{"@id":"https:\/\/hotelinglaterralahabana.com\/es\/condiciones-de-reserva\/#primaryimage"},"thumbnailUrl":"https:\/\/hotelinglaterralahabana.com\/wp-content\/uploads\/2023\/07\/pexels-mehmet-turgut-kirkgoz-16808254-scaled.jpg","datePublished":"2019-06-03T11:05:18+00:00","dateModified":"2025-04-02T09:36:39+00:00","description":"Consulta aqu\u00ed los T\u00e9rminos Legales del Hotel Inglaterra la Habana","breadcrumb":{"@id":"https:\/\/hotelinglaterralahabana.com\/es\/condiciones-de-reserva\/#breadcrumb"},"inLanguage":"es","potentialAction":[{"@type":"ReadAction","target":["https:\/\/hotelinglaterralahabana.com\/es\/condiciones-de-reserva\/"]}]},{"@type":"ImageObject","inLanguage":"es","@id":"https:\/\/hotelinglaterralahabana.com\/es\/condiciones-de-reserva\/#primaryimage","url":"https:\/\/hotelinglaterralahabana.com\/wp-content\/uploads\/2023\/07\/pexels-mehmet-turgut-kirkgoz-16808254-scaled.jpg","contentUrl":"https:\/\/hotelinglaterralahabana.com\/wp-content\/uploads\/2023\/07\/pexels-mehmet-turgut-kirkgoz-16808254-scaled.jpg","width":2048,"height":2560},{"@type":"BreadcrumbList","@id":"https:\/\/hotelinglaterralahabana.com\/es\/condiciones-de-reserva\/#breadcrumb","itemListElement":[{"@type":"ListItem","position":1,"name":"Portada","item":"https:\/\/hotelinglaterralahabana.com\/es\/"},{"@type":"ListItem","position":2,"name":"Condiciones de Reserva"}]},{"@type":"WebSite","@id":"https:\/\/hotelinglaterralahabana.com\/#website","url":"https:\/\/hotelinglaterralahabana.com\/","name":"Hotel Inglaterra","description":"","publisher":{"@id":"https:\/\/hotelinglaterralahabana.com\/#organization"},"alternateName":"[OFICIAL\u00ae] Hotel Inglaterra | Hotel Boutique en la Habana Vieja","potentialAction":[{"@type":"SearchAction","target":{"@type":"EntryPoint","urlTemplate":"https:\/\/hotelinglaterralahabana.com\/?s={search_term_string}"},"query-input":{"@type":"PropertyValueSpecification","valueRequired":true,"valueName":"search_term_string"}}],"inLanguage":"es"},{"@type":"Organization","@id":"https:\/\/hotelinglaterralahabana.com\/#organization","name":"Hotel Inglaterra","alternateName":"[OFICIAL\u00ae] Hotel Inglaterra | Hotel Boutique en la Habana Vieja","url":"https:\/\/hotelinglaterralahabana.com\/","logo":{"@type":"ImageObject","inLanguage":"es","@id":"https:\/\/hotelinglaterralahabana.com\/#\/schema\/logo\/image\/","url":"https:\/\/hotelinglaterralahabana.com\/wp-content\/uploads\/2025\/04\/logo.png","contentUrl":"https:\/\/hotelinglaterralahabana.com\/wp-content\/uploads\/2025\/04\/logo.png","width":118,"height":138,"caption":"Hotel Inglaterra"},"image":{"@id":"https:\/\/hotelinglaterralahabana.com\/#\/schema\/logo\/image\/"},"sameAs":["https:\/\/www.facebook.com\/HotelInglaterraCuba\/","https:\/\/x.com\/cubainglaterra","https:\/\/www.instagram.com\/hotelinglaterrahabana\/"]}]}},"_links":{"self":[{"href":"https:\/\/hotelinglaterralahabana.com\/es\/wp-json\/wp\/v2\/pages\/14949","targetHints":{"allow":["GET"]}}],"collection":[{"href":"https:\/\/hotelinglaterralahabana.com\/es\/wp-json\/wp\/v2\/pages"}],"about":[{"href":"https:\/\/hotelinglaterralahabana.com\/es\/wp-json\/wp\/v2\/types\/page"}],"author":[{"embeddable":true,"href":"https:\/\/hotelinglaterralahabana.com\/es\/wp-json\/wp\/v2\/users\/5"}],"replies":[{"embeddable":true,"href":"https:\/\/hotelinglaterralahabana.com\/es\/wp-json\/wp\/v2\/comments?post=14949"}],"version-history":[{"count":10,"href":"https:\/\/hotelinglaterralahabana.com\/es\/wp-json\/wp\/v2\/pages\/14949\/revisions"}],"predecessor-version":[{"id":16236,"href":"https:\/\/hotelinglaterralahabana.com\/es\/wp-json\/wp\/v2\/pages\/14949\/revisions\/16236"}],"wp:featuredmedia":[{"embeddable":true,"href":"https:\/\/hotelinglaterralahabana.com\/es\/wp-json\/wp\/v2\/media\/16132"}],"wp:attachment":[{"href":"https:\/\/hotelinglaterralahabana.com\/es\/wp-json\/wp\/v2\/media?parent=14949"}],"curies":[{"name":"wp","href":"https:\/\/api.w.org\/{rel}","templated":true}]}}